{"id":131739,"date":"2025-11-05T22:48:47","date_gmt":"2025-11-05T22:48:47","guid":{"rendered":"https:\/\/casafreitas.pt\/loja\/produto\/fita-adesiva-transparente-para-tapar-inflitracoes-em-pvc-rolo-10-x-150-cm\/"},"modified":"2025-11-05T22:48:48","modified_gmt":"2025-11-05T22:48:48","slug":"fita-adesiva-transparente-para-tapar-inflitracoes-em-pvc-rolo-10-x-150-cm","status":"publish","type":"product","link":"https:\/\/casafreitas.pt\/loja\/produto\/fita-adesiva-transparente-para-tapar-inflitracoes-em-pvc-rolo-10-x-150-cm\/","title":{"rendered":"Fita adesiva transparente para tapar inflitra\u00e7\u00f5es em pvc, rolo 10 x 150 cm"},"content":{"rendered":"","protected":false},"excerpt":{"rendered":"<p>Fita adesiva flex\u00edvel transparente de pvc para tapar inflitra\u00e7\u00f5es com adesivo de borracha. \u00e0 prova d&#8217;\u00e1gua. 0,7 mm de espessura. rolo de 10 x 150 cm. pode ser usada em toldos, piscinas, tanques, calhas, telas, colch\u00f5es insufl\u00e1veis e vidros.<\/p>\n","protected":false},"featured_media":131738,"comment_status":"open","ping_status":"closed","template":"","meta":[],"product_brand":[],"product_cat":[17614,18004],"product_tag":[18095],"class_list":{"0":"post-131739","1":"product","2":"type-product","3":"status-publish","4":"has-post-thumbnail","6":"product_cat-outras-fitas-construcao","7":"product_cat-construcao","8":"product_tag-fortape","10":"first","11":"instock","12":"taxable","13":"shipping-taxable","14":"purchasable","15":"product-type-simple"},"_links":{"self":[{"href":"https:\/\/casafreitas.pt\/loja\/wp-json\/wp\/v2\/product\/131739","targetHints":{"allow":["GET"]}}],"collection":[{"href":"https:\/\/casafreitas.pt\/loja\/wp-json\/wp\/v2\/product"}],"about":[{"href":"https:\/\/casafreitas.pt\/loja\/wp-json\/wp\/v2\/types\/product"}],"replies":[{"embeddable":true,"href":"https:\/\/casafreitas.pt\/loja\/wp-json\/wp\/v2\/comments?post=131739"}],"version-history":[{"count":1,"href":"https:\/\/casafreitas.pt\/loja\/wp-json\/wp\/v2\/product\/131739\/revisions"}],"predecessor-version":[{"id":131740,"href":"https:\/\/casafreitas.pt\/loja\/wp-json\/wp\/v2\/product\/131739\/revisions\/131740"}],"wp:featuredmedia":[{"embeddable":true,"href":"https:\/\/casafreitas.pt\/loja\/wp-json\/wp\/v2\/media\/131738"}],"wp:attachment":[{"href":"https:\/\/casafreitas.pt\/loja\/wp-json\/wp\/v2\/media?parent=131739"}],"wp:term":[{"taxonomy":"product_brand","embeddable":true,"href":"https:\/\/casafreitas.pt\/loja\/wp-json\/wp\/v2\/product_brand?post=131739"},{"taxonomy":"product_cat","embeddable":true,"href":"https:\/\/casafreitas.pt\/loja\/wp-json\/wp\/v2\/product_cat?post=131739"},{"taxonomy":"product_tag","embeddable":true,"href":"https:\/\/casafreitas.pt\/loja\/wp-json\/wp\/v2\/product_tag?post=131739"}],"curies":[{"name":"wp","href":"https:\/\/api.w.org\/{rel}","templated":true}]}}