{"id":131540,"date":"2025-10-31T23:05:11","date_gmt":"2025-10-31T23:05:11","guid":{"rendered":"https:\/\/casafreitas.pt\/loja\/produto\/armario-baixo-polipropileno-linha-family-cinzento-claro-68-x-37-x-90-cm\/"},"modified":"2025-10-31T23:05:12","modified_gmt":"2025-10-31T23:05:12","slug":"armario-baixo-polipropileno-linha-family-cinzento-claro-68-x-37-x-90-cm","status":"publish","type":"product","link":"https:\/\/casafreitas.pt\/loja\/produto\/armario-baixo-polipropileno-linha-family-cinzento-claro-68-x-37-x-90-cm\/","title":{"rendered":"Arm\u00e1rio baixo de polipropileno, linha family, cinzento claro, 68 x 37 x 90 cm"},"content":{"rendered":"","protected":false},"excerpt":{"rendered":"<p>Arm\u00e1rio baixo cinzento fabricado em polipropileno com p\u00e9s, material recicl\u00e1vel, equipado com dobradi\u00e7as de a\u00e7o, prateleira interior ajust\u00e1vel e p\u00e9s, capacidade de carga: 20 kg por prateleira dimens\u00f5es 680 x 370 x 900 mm<\/p>\n","protected":false},"featured_media":131539,"comment_status":"open","ping_status":"closed","template":"","meta":[],"product_brand":[],"product_cat":[17819,18009],"product_tag":[18081],"class_list":{"0":"post-131540","1":"product","2":"type-product","3":"status-publish","4":"has-post-thumbnail","6":"product_cat-armarios-jardim-e-espaco-exterior","7":"product_cat-jardim-espaco-exterior","8":"product_tag-art-plast","10":"first","11":"instock","12":"taxable","13":"shipping-taxable","14":"purchasable","15":"product-type-simple"},"_links":{"self":[{"href":"https:\/\/casafreitas.pt\/loja\/wp-json\/wp\/v2\/product\/131540","targetHints":{"allow":["GET"]}}],"collection":[{"href":"https:\/\/casafreitas.pt\/loja\/wp-json\/wp\/v2\/product"}],"about":[{"href":"https:\/\/casafreitas.pt\/loja\/wp-json\/wp\/v2\/types\/product"}],"replies":[{"embeddable":true,"href":"https:\/\/casafreitas.pt\/loja\/wp-json\/wp\/v2\/comments?post=131540"}],"version-history":[{"count":1,"href":"https:\/\/casafreitas.pt\/loja\/wp-json\/wp\/v2\/product\/131540\/revisions"}],"predecessor-version":[{"id":131541,"href":"https:\/\/casafreitas.pt\/loja\/wp-json\/wp\/v2\/product\/131540\/revisions\/131541"}],"wp:featuredmedia":[{"embeddable":true,"href":"https:\/\/casafreitas.pt\/loja\/wp-json\/wp\/v2\/media\/131539"}],"wp:attachment":[{"href":"https:\/\/casafreitas.pt\/loja\/wp-json\/wp\/v2\/media?parent=131540"}],"wp:term":[{"taxonomy":"product_brand","embeddable":true,"href":"https:\/\/casafreitas.pt\/loja\/wp-json\/wp\/v2\/product_brand?post=131540"},{"taxonomy":"product_cat","embeddable":true,"href":"https:\/\/casafreitas.pt\/loja\/wp-json\/wp\/v2\/product_cat?post=131540"},{"taxonomy":"product_tag","embeddable":true,"href":"https:\/\/casafreitas.pt\/loja\/wp-json\/wp\/v2\/product_tag?post=131540"}],"curies":[{"name":"wp","href":"https:\/\/api.w.org\/{rel}","templated":true}]}}