{"id":131522,"date":"2025-10-31T22:29:13","date_gmt":"2025-10-31T22:29:13","guid":{"rendered":"https:\/\/casafreitas.pt\/loja\/produto\/armario-alto-polipropileno-linha-easy-cinzento-escuro-68-x-37-x-163-cm\/"},"modified":"2025-10-31T22:29:15","modified_gmt":"2025-10-31T22:29:15","slug":"armario-alto-polipropileno-linha-easy-cinzento-escuro-68-x-37-x-163-cm","status":"publish","type":"product","link":"https:\/\/casafreitas.pt\/loja\/produto\/armario-alto-polipropileno-linha-easy-cinzento-escuro-68-x-37-x-163-cm\/","title":{"rendered":"Arm\u00e1rio alto de polipropileno, linha easy, cinzento escuro, 68 x 37 x 163 cm"},"content":{"rendered":"","protected":false},"excerpt":{"rendered":"<p>Arm\u00e1rio alto em polipropileno, material recicl\u00e1vel, equipado com dobradi\u00e7as de a\u00e7o e prateleiras internas regul\u00e1veis, capacidade de carga de 10 kg por prateleira, cinza escuro, 68 x 37 x 163 cm<\/p>\n","protected":false},"featured_media":131521,"comment_status":"open","ping_status":"closed","template":"","meta":[],"product_brand":[],"product_cat":[17819,18009],"product_tag":[18081],"class_list":{"0":"post-131522","1":"product","2":"type-product","3":"status-publish","4":"has-post-thumbnail","6":"product_cat-armarios-jardim-e-espaco-exterior","7":"product_cat-jardim-espaco-exterior","8":"product_tag-art-plast","10":"first","11":"instock","12":"taxable","13":"shipping-taxable","14":"purchasable","15":"product-type-simple"},"_links":{"self":[{"href":"https:\/\/casafreitas.pt\/loja\/wp-json\/wp\/v2\/product\/131522","targetHints":{"allow":["GET"]}}],"collection":[{"href":"https:\/\/casafreitas.pt\/loja\/wp-json\/wp\/v2\/product"}],"about":[{"href":"https:\/\/casafreitas.pt\/loja\/wp-json\/wp\/v2\/types\/product"}],"replies":[{"embeddable":true,"href":"https:\/\/casafreitas.pt\/loja\/wp-json\/wp\/v2\/comments?post=131522"}],"version-history":[{"count":1,"href":"https:\/\/casafreitas.pt\/loja\/wp-json\/wp\/v2\/product\/131522\/revisions"}],"predecessor-version":[{"id":131523,"href":"https:\/\/casafreitas.pt\/loja\/wp-json\/wp\/v2\/product\/131522\/revisions\/131523"}],"wp:featuredmedia":[{"embeddable":true,"href":"https:\/\/casafreitas.pt\/loja\/wp-json\/wp\/v2\/media\/131521"}],"wp:attachment":[{"href":"https:\/\/casafreitas.pt\/loja\/wp-json\/wp\/v2\/media?parent=131522"}],"wp:term":[{"taxonomy":"product_brand","embeddable":true,"href":"https:\/\/casafreitas.pt\/loja\/wp-json\/wp\/v2\/product_brand?post=131522"},{"taxonomy":"product_cat","embeddable":true,"href":"https:\/\/casafreitas.pt\/loja\/wp-json\/wp\/v2\/product_cat?post=131522"},{"taxonomy":"product_tag","embeddable":true,"href":"https:\/\/casafreitas.pt\/loja\/wp-json\/wp\/v2\/product_tag?post=131522"}],"curies":[{"name":"wp","href":"https:\/\/api.w.org\/{rel}","templated":true}]}}