{"id":131359,"date":"2025-10-30T08:49:14","date_gmt":"2025-10-30T08:49:14","guid":{"rendered":"https:\/\/casafreitas.pt\/loja\/produto\/placa-manual-sinalizacao-dupla-face-com-stop-sentido-obrigatorio-pvc-2-mm-30-cm\/"},"modified":"2025-10-30T08:49:16","modified_gmt":"2025-10-30T08:49:16","slug":"placa-manual-sinalizacao-dupla-face-com-stop-sentido-obrigatorio-pvc-2-mm-30-cm","status":"publish","type":"product","link":"https:\/\/casafreitas.pt\/loja\/produto\/placa-manual-sinalizacao-dupla-face-com-stop-sentido-obrigatorio-pvc-2-mm-30-cm\/","title":{"rendered":"Placa manual de sinaliza\u00e7\u00e3o dupla face com stop e sentido obrigat\u00f3rio, pvc 2 mm, \u00f8 30 cm"},"content":{"rendered":"","protected":false},"excerpt":{"rendered":"<p>Placa revers\u00edvel stop\/passar \u00f830 cm, pvc 2 mm, com cabo de alum\u00ednio vermelho de 25 cm, ideal para regular manualmente o tr\u00e1fego. numa face tem o sinal de stop e na outra o sinal de sentido obrigat\u00f3rio<\/p>\n","protected":false},"featured_media":131358,"comment_status":"open","ping_status":"closed","template":"","meta":[],"product_brand":[],"product_cat":[17545,18004],"product_tag":[18058],"class_list":{"0":"post-131359","1":"product","2":"type-product","3":"status-publish","4":"has-post-thumbnail","6":"product_cat-diversos-construcao","7":"product_cat-construcao","8":"product_tag-nmz","10":"first","11":"instock","12":"taxable","13":"shipping-taxable","14":"purchasable","15":"product-type-simple"},"_links":{"self":[{"href":"https:\/\/casafreitas.pt\/loja\/wp-json\/wp\/v2\/product\/131359","targetHints":{"allow":["GET"]}}],"collection":[{"href":"https:\/\/casafreitas.pt\/loja\/wp-json\/wp\/v2\/product"}],"about":[{"href":"https:\/\/casafreitas.pt\/loja\/wp-json\/wp\/v2\/types\/product"}],"replies":[{"embeddable":true,"href":"https:\/\/casafreitas.pt\/loja\/wp-json\/wp\/v2\/comments?post=131359"}],"version-history":[{"count":1,"href":"https:\/\/casafreitas.pt\/loja\/wp-json\/wp\/v2\/product\/131359\/revisions"}],"predecessor-version":[{"id":131360,"href":"https:\/\/casafreitas.pt\/loja\/wp-json\/wp\/v2\/product\/131359\/revisions\/131360"}],"wp:featuredmedia":[{"embeddable":true,"href":"https:\/\/casafreitas.pt\/loja\/wp-json\/wp\/v2\/media\/131358"}],"wp:attachment":[{"href":"https:\/\/casafreitas.pt\/loja\/wp-json\/wp\/v2\/media?parent=131359"}],"wp:term":[{"taxonomy":"product_brand","embeddable":true,"href":"https:\/\/casafreitas.pt\/loja\/wp-json\/wp\/v2\/product_brand?post=131359"},{"taxonomy":"product_cat","embeddable":true,"href":"https:\/\/casafreitas.pt\/loja\/wp-json\/wp\/v2\/product_cat?post=131359"},{"taxonomy":"product_tag","embeddable":true,"href":"https:\/\/casafreitas.pt\/loja\/wp-json\/wp\/v2\/product_tag?post=131359"}],"curies":[{"name":"wp","href":"https:\/\/api.w.org\/{rel}","templated":true}]}}