{"id":131353,"date":"2025-10-30T08:48:04","date_gmt":"2025-10-30T08:48:04","guid":{"rendered":"https:\/\/casafreitas.pt\/loja\/produto\/fita-sinalizacao-policia-local-pasar-linea-policia-75-mm-x-005-mm-x-200-m\/"},"modified":"2025-10-30T08:48:06","modified_gmt":"2025-10-30T08:48:06","slug":"fita-sinalizacao-policia-local-pasar-linea-policia-75-mm-x-005-mm-x-200-m","status":"publish","type":"product","link":"https:\/\/casafreitas.pt\/loja\/produto\/fita-sinalizacao-policia-local-pasar-linea-policia-75-mm-x-005-mm-x-200-m\/","title":{"rendered":"Fita de sinaliza\u00e7\u00e3o &#8220;polic\u00eda local no pasar l\u00ednea de polic\u00eda&#8221;, 75 mm x 0,05 mm x 200 m"},"content":{"rendered":"","protected":false},"excerpt":{"rendered":"<p>Fita de sinaliza\u00e7\u00e3o &#8220;polic\u00eda local no pasar l\u00ednea de polic\u00eda&#8221;, 75 mm x 0,05 mm x 200 m<\/p>\n","protected":false},"featured_media":131352,"comment_status":"open","ping_status":"closed","template":"","meta":[],"product_brand":[],"product_cat":[17576,18004],"product_tag":[18058],"class_list":{"0":"post-131353","1":"product","2":"type-product","3":"status-publish","4":"has-post-thumbnail","6":"product_cat-fitas-sinalizacao-construcao","7":"product_cat-construcao","8":"product_tag-nmz","10":"first","11":"instock","12":"taxable","13":"shipping-taxable","14":"purchasable","15":"product-type-simple"},"_links":{"self":[{"href":"https:\/\/casafreitas.pt\/loja\/wp-json\/wp\/v2\/product\/131353","targetHints":{"allow":["GET"]}}],"collection":[{"href":"https:\/\/casafreitas.pt\/loja\/wp-json\/wp\/v2\/product"}],"about":[{"href":"https:\/\/casafreitas.pt\/loja\/wp-json\/wp\/v2\/types\/product"}],"replies":[{"embeddable":true,"href":"https:\/\/casafreitas.pt\/loja\/wp-json\/wp\/v2\/comments?post=131353"}],"version-history":[{"count":1,"href":"https:\/\/casafreitas.pt\/loja\/wp-json\/wp\/v2\/product\/131353\/revisions"}],"predecessor-version":[{"id":131354,"href":"https:\/\/casafreitas.pt\/loja\/wp-json\/wp\/v2\/product\/131353\/revisions\/131354"}],"wp:featuredmedia":[{"embeddable":true,"href":"https:\/\/casafreitas.pt\/loja\/wp-json\/wp\/v2\/media\/131352"}],"wp:attachment":[{"href":"https:\/\/casafreitas.pt\/loja\/wp-json\/wp\/v2\/media?parent=131353"}],"wp:term":[{"taxonomy":"product_brand","embeddable":true,"href":"https:\/\/casafreitas.pt\/loja\/wp-json\/wp\/v2\/product_brand?post=131353"},{"taxonomy":"product_cat","embeddable":true,"href":"https:\/\/casafreitas.pt\/loja\/wp-json\/wp\/v2\/product_cat?post=131353"},{"taxonomy":"product_tag","embeddable":true,"href":"https:\/\/casafreitas.pt\/loja\/wp-json\/wp\/v2\/product_tag?post=131353"}],"curies":[{"name":"wp","href":"https:\/\/api.w.org\/{rel}","templated":true}]}}