{"id":131347,"date":"2025-10-30T08:46:51","date_gmt":"2025-10-30T08:46:51","guid":{"rendered":"https:\/\/casafreitas.pt\/loja\/produto\/modelador-pro-spiral-curl\/"},"modified":"2025-10-30T08:46:53","modified_gmt":"2025-10-30T08:46:53","slug":"modelador-pro-spiral-curl","status":"publish","type":"product","link":"https:\/\/casafreitas.pt\/loja\/produto\/modelador-pro-spiral-curl\/","title":{"rendered":"Modelador pro spiral curl"},"content":{"rendered":"","protected":false},"excerpt":{"rendered":"<p>O modelador pro carac\u00f3is ci5319 permite criar carac\u00f3is compactos gra\u00e7as ao seu cilindro de \u00f819 mm. com revestimento antiest\u00e1tico, cer\u00e2mico e de turmalina i\u00f4nica, que desliza suavemente. temperatura m\u00e1xima: 210 \u00b0c. 8 ajustes de temperatura. aquecimento r\u00e1pido em 30 segundos. interruptor on\/off. luz indicadora de pronto para uso. desliga autom\u00e1tico de seguran\u00e7a ap\u00f3s 60 minutos. ponta fria de seguran\u00e7a. suporte resistente ao calor. cabo girat\u00f3rio.<\/p>\n","protected":false},"featured_media":131346,"comment_status":"open","ping_status":"closed","template":"","meta":[],"product_brand":[],"product_cat":[8800,17413],"product_tag":[13076],"class_list":{"0":"post-131347","1":"product","2":"type-product","3":"status-publish","4":"has-post-thumbnail","6":"product_cat-pequenos-domesticos","7":"product_cat-secadores-de-cabelo-ferros-pente-enroladores-pequenos-domesticos","8":"product_tag-remington","10":"first","11":"instock","12":"taxable","13":"shipping-taxable","14":"purchasable","15":"product-type-simple"},"_links":{"self":[{"href":"https:\/\/casafreitas.pt\/loja\/wp-json\/wp\/v2\/product\/131347","targetHints":{"allow":["GET"]}}],"collection":[{"href":"https:\/\/casafreitas.pt\/loja\/wp-json\/wp\/v2\/product"}],"about":[{"href":"https:\/\/casafreitas.pt\/loja\/wp-json\/wp\/v2\/types\/product"}],"replies":[{"embeddable":true,"href":"https:\/\/casafreitas.pt\/loja\/wp-json\/wp\/v2\/comments?post=131347"}],"version-history":[{"count":1,"href":"https:\/\/casafreitas.pt\/loja\/wp-json\/wp\/v2\/product\/131347\/revisions"}],"predecessor-version":[{"id":131348,"href":"https:\/\/casafreitas.pt\/loja\/wp-json\/wp\/v2\/product\/131347\/revisions\/131348"}],"wp:featuredmedia":[{"embeddable":true,"href":"https:\/\/casafreitas.pt\/loja\/wp-json\/wp\/v2\/media\/131346"}],"wp:attachment":[{"href":"https:\/\/casafreitas.pt\/loja\/wp-json\/wp\/v2\/media?parent=131347"}],"wp:term":[{"taxonomy":"product_brand","embeddable":true,"href":"https:\/\/casafreitas.pt\/loja\/wp-json\/wp\/v2\/product_brand?post=131347"},{"taxonomy":"product_cat","embeddable":true,"href":"https:\/\/casafreitas.pt\/loja\/wp-json\/wp\/v2\/product_cat?post=131347"},{"taxonomy":"product_tag","embeddable":true,"href":"https:\/\/casafreitas.pt\/loja\/wp-json\/wp\/v2\/product_tag?post=131347"}],"curies":[{"name":"wp","href":"https:\/\/api.w.org\/{rel}","templated":true}]}}