{"id":131344,"date":"2025-10-30T08:46:14","date_gmt":"2025-10-30T08:46:14","guid":{"rendered":"https:\/\/casafreitas.pt\/loja\/produto\/secador-cabelo-alisador-shine-therapy\/"},"modified":"2025-11-06T23:21:04","modified_gmt":"2025-11-06T23:21:04","slug":"secador-cabelo-alisador-shine-therapy","status":"publish","type":"product","link":"https:\/\/casafreitas.pt\/loja\/produto\/secador-cabelo-alisador-shine-therapy\/","title":{"rendered":"Secador de cabelo + alisador shine therapy"},"content":{"rendered":"","protected":false},"excerpt":{"rendered":"<p>Shine therapy cont\u00e9m um secador de cabelo modelo d5216: brilho sem frizado com gerador de i\u00f5es, pot\u00eancia de 2300 w, jato de ar frio, 3 temperaturas e 2 velocidades, inclui difusor e concentrador, disp\u00f5e de grelha traseira remov\u00edvel para facilitar a limpeza e gancho para pendurar. o alisador de cabelo s8500: brilho radiante tem placas revestidas de cer\u00e2mica avan\u00e7ada com \u00f3leo de arg\u00e3o, ecr\u00e3 digital de temperatura, 9 ajustes 150 \u00b0c &#8211; 230 \u00b0c, aquecimento r\u00e1pido em 15 segundos, placas flutuantes para uma press\u00e3o uniforme sobre o cabelo, com fun\u00e7\u00e3o turbo boost e fun\u00e7\u00e3o de bloqueio de temperatura, desliga autom\u00e1tico ap\u00f3s 60 minutos, dispositivo de fecho para guardar e cabo girat\u00f3rio, inclui capa<\/p>\n","protected":false},"featured_media":131343,"comment_status":"open","ping_status":"closed","template":"","meta":[],"product_brand":[],"product_cat":[8800,17413],"product_tag":[13076],"class_list":{"0":"post-131344","1":"product","2":"type-product","3":"status-publish","4":"has-post-thumbnail","6":"product_cat-pequenos-domesticos","7":"product_cat-secadores-de-cabelo-ferros-pente-enroladores-pequenos-domesticos","8":"product_tag-remington","10":"first","11":"instock","12":"taxable","13":"shipping-taxable","14":"purchasable","15":"product-type-simple"},"_links":{"self":[{"href":"https:\/\/casafreitas.pt\/loja\/wp-json\/wp\/v2\/product\/131344","targetHints":{"allow":["GET"]}}],"collection":[{"href":"https:\/\/casafreitas.pt\/loja\/wp-json\/wp\/v2\/product"}],"about":[{"href":"https:\/\/casafreitas.pt\/loja\/wp-json\/wp\/v2\/types\/product"}],"replies":[{"embeddable":true,"href":"https:\/\/casafreitas.pt\/loja\/wp-json\/wp\/v2\/comments?post=131344"}],"version-history":[{"count":1,"href":"https:\/\/casafreitas.pt\/loja\/wp-json\/wp\/v2\/product\/131344\/revisions"}],"predecessor-version":[{"id":131345,"href":"https:\/\/casafreitas.pt\/loja\/wp-json\/wp\/v2\/product\/131344\/revisions\/131345"}],"wp:featuredmedia":[{"embeddable":true,"href":"https:\/\/casafreitas.pt\/loja\/wp-json\/wp\/v2\/media\/131343"}],"wp:attachment":[{"href":"https:\/\/casafreitas.pt\/loja\/wp-json\/wp\/v2\/media?parent=131344"}],"wp:term":[{"taxonomy":"product_brand","embeddable":true,"href":"https:\/\/casafreitas.pt\/loja\/wp-json\/wp\/v2\/product_brand?post=131344"},{"taxonomy":"product_cat","embeddable":true,"href":"https:\/\/casafreitas.pt\/loja\/wp-json\/wp\/v2\/product_cat?post=131344"},{"taxonomy":"product_tag","embeddable":true,"href":"https:\/\/casafreitas.pt\/loja\/wp-json\/wp\/v2\/product_tag?post=131344"}],"curies":[{"name":"wp","href":"https:\/\/api.w.org\/{rel}","templated":true}]}}