{"id":131276,"date":"2025-10-29T08:14:28","date_gmt":"2025-10-29T08:14:28","guid":{"rendered":"https:\/\/casafreitas.pt\/loja\/produto\/preservativo-natural-3-uds\/"},"modified":"2025-10-29T08:14:30","modified_gmt":"2025-10-29T08:14:30","slug":"preservativo-natural-3-uds","status":"publish","type":"product","link":"https:\/\/casafreitas.pt\/loja\/produto\/preservativo-natural-3-uds\/","title":{"rendered":"Preservativo natural 3 uds"},"content":{"rendered":"","protected":false},"excerpt":{"rendered":"<p>Preservativos finos e dur\u00e1veis de l\u00e1tex natural. proporcionam seguran\u00e7a e sensibilidade durante as rela\u00e7\u00f5es sexuais. pacote com 3 uds<\/p>\n","protected":false},"featured_media":131275,"comment_status":"open","ping_status":"closed","template":"","meta":[],"product_brand":[],"product_cat":[17919,18010],"product_tag":[13262],"class_list":{"0":"post-131276","1":"product","2":"type-product","3":"status-publish","4":"has-post-thumbnail","6":"product_cat-parafarmacia-limpeza-e-higiene-pessoal","7":"product_cat-limpeza-higiene-pessoal","8":"product_tag-durex","10":"first","11":"instock","12":"taxable","13":"shipping-taxable","14":"purchasable","15":"product-type-simple"},"_links":{"self":[{"href":"https:\/\/casafreitas.pt\/loja\/wp-json\/wp\/v2\/product\/131276","targetHints":{"allow":["GET"]}}],"collection":[{"href":"https:\/\/casafreitas.pt\/loja\/wp-json\/wp\/v2\/product"}],"about":[{"href":"https:\/\/casafreitas.pt\/loja\/wp-json\/wp\/v2\/types\/product"}],"replies":[{"embeddable":true,"href":"https:\/\/casafreitas.pt\/loja\/wp-json\/wp\/v2\/comments?post=131276"}],"version-history":[{"count":1,"href":"https:\/\/casafreitas.pt\/loja\/wp-json\/wp\/v2\/product\/131276\/revisions"}],"predecessor-version":[{"id":131277,"href":"https:\/\/casafreitas.pt\/loja\/wp-json\/wp\/v2\/product\/131276\/revisions\/131277"}],"wp:featuredmedia":[{"embeddable":true,"href":"https:\/\/casafreitas.pt\/loja\/wp-json\/wp\/v2\/media\/131275"}],"wp:attachment":[{"href":"https:\/\/casafreitas.pt\/loja\/wp-json\/wp\/v2\/media?parent=131276"}],"wp:term":[{"taxonomy":"product_brand","embeddable":true,"href":"https:\/\/casafreitas.pt\/loja\/wp-json\/wp\/v2\/product_brand?post=131276"},{"taxonomy":"product_cat","embeddable":true,"href":"https:\/\/casafreitas.pt\/loja\/wp-json\/wp\/v2\/product_cat?post=131276"},{"taxonomy":"product_tag","embeddable":true,"href":"https:\/\/casafreitas.pt\/loja\/wp-json\/wp\/v2\/product_tag?post=131276"}],"curies":[{"name":"wp","href":"https:\/\/api.w.org\/{rel}","templated":true}]}}