{"id":131205,"date":"2025-10-29T07:54:56","date_gmt":"2025-10-29T07:54:56","guid":{"rendered":"https:\/\/casafreitas.pt\/loja\/produto\/cola-universal-para-papel-parede-25-l\/"},"modified":"2025-10-29T07:54:57","modified_gmt":"2025-10-29T07:54:57","slug":"cola-universal-para-papel-parede-25-l","status":"publish","type":"product","link":"https:\/\/casafreitas.pt\/loja\/produto\/cola-universal-para-papel-parede-25-l\/","title":{"rendered":"Cola universal para papel de parede 2,5 l"},"content":{"rendered":"","protected":false},"excerpt":{"rendered":"<p>Cola universal transparente especial para todo o tipo de pap\u00e9is (vinis, t\u00eaxteis e pap\u00e9is de parede), aplic\u00e1vel em todo o tipo de superf\u00edcies: bet\u00e3o, tijolo, gesso, madeira e pladur, cobertura aprox. 2,5 rolos \/ 12m\u00b2, sem odor, sem grumos, resistente \u00e0 humidade, 2,5l<\/p>\n","protected":false},"featured_media":131204,"comment_status":"open","ping_status":"closed","template":"","meta":[],"product_brand":[],"product_cat":[17615,18004],"product_tag":[],"class_list":{"0":"post-131205","1":"product","2":"type-product","3":"status-publish","4":"has-post-thumbnail","6":"product_cat-papel-de-parede-cola-construcao","7":"product_cat-construcao","9":"first","10":"instock","11":"taxable","12":"shipping-taxable","13":"purchasable","14":"product-type-simple"},"_links":{"self":[{"href":"https:\/\/casafreitas.pt\/loja\/wp-json\/wp\/v2\/product\/131205","targetHints":{"allow":["GET"]}}],"collection":[{"href":"https:\/\/casafreitas.pt\/loja\/wp-json\/wp\/v2\/product"}],"about":[{"href":"https:\/\/casafreitas.pt\/loja\/wp-json\/wp\/v2\/types\/product"}],"replies":[{"embeddable":true,"href":"https:\/\/casafreitas.pt\/loja\/wp-json\/wp\/v2\/comments?post=131205"}],"version-history":[{"count":1,"href":"https:\/\/casafreitas.pt\/loja\/wp-json\/wp\/v2\/product\/131205\/revisions"}],"predecessor-version":[{"id":131206,"href":"https:\/\/casafreitas.pt\/loja\/wp-json\/wp\/v2\/product\/131205\/revisions\/131206"}],"wp:featuredmedia":[{"embeddable":true,"href":"https:\/\/casafreitas.pt\/loja\/wp-json\/wp\/v2\/media\/131204"}],"wp:attachment":[{"href":"https:\/\/casafreitas.pt\/loja\/wp-json\/wp\/v2\/media?parent=131205"}],"wp:term":[{"taxonomy":"product_brand","embeddable":true,"href":"https:\/\/casafreitas.pt\/loja\/wp-json\/wp\/v2\/product_brand?post=131205"},{"taxonomy":"product_cat","embeddable":true,"href":"https:\/\/casafreitas.pt\/loja\/wp-json\/wp\/v2\/product_cat?post=131205"},{"taxonomy":"product_tag","embeddable":true,"href":"https:\/\/casafreitas.pt\/loja\/wp-json\/wp\/v2\/product_tag?post=131205"}],"curies":[{"name":"wp","href":"https:\/\/api.w.org\/{rel}","templated":true}]}}