{"id":130931,"date":"2025-10-29T06:53:28","date_gmt":"2025-10-29T06:53:28","guid":{"rendered":"https:\/\/casafreitas.pt\/loja\/produto\/manta-para-mudancas-100-x-150-cm\/"},"modified":"2025-10-29T06:53:30","modified_gmt":"2025-10-29T06:53:30","slug":"manta-para-mudancas-100-x-150-cm","status":"publish","type":"product","link":"https:\/\/casafreitas.pt\/loja\/produto\/manta-para-mudancas-100-x-150-cm\/","title":{"rendered":"Manta para mudan\u00e7as 100 x 150 cm"},"content":{"rendered":"","protected":false},"excerpt":{"rendered":"<p>Manta para mudan\u00e7as 100 x 150 cm, multi\u00fasos, mudan\u00e7as, piqueniques, cesta para c\u00e3es; feito de tecidos reciclados<\/p>\n","protected":false},"featured_media":130930,"comment_status":"open","ping_status":"closed","template":"","meta":[],"product_brand":[],"product_cat":[17801,18006],"product_tag":[],"class_list":{"0":"post-130931","1":"product","2":"type-product","3":"status-publish","4":"has-post-thumbnail","6":"product_cat-filtro-de-protecao-mantas-diversos-sazonais","7":"product_cat-diversos-sazonais","9":"first","10":"instock","11":"taxable","12":"shipping-taxable","13":"purchasable","14":"product-type-simple"},"_links":{"self":[{"href":"https:\/\/casafreitas.pt\/loja\/wp-json\/wp\/v2\/product\/130931","targetHints":{"allow":["GET"]}}],"collection":[{"href":"https:\/\/casafreitas.pt\/loja\/wp-json\/wp\/v2\/product"}],"about":[{"href":"https:\/\/casafreitas.pt\/loja\/wp-json\/wp\/v2\/types\/product"}],"replies":[{"embeddable":true,"href":"https:\/\/casafreitas.pt\/loja\/wp-json\/wp\/v2\/comments?post=130931"}],"version-history":[{"count":1,"href":"https:\/\/casafreitas.pt\/loja\/wp-json\/wp\/v2\/product\/130931\/revisions"}],"predecessor-version":[{"id":130932,"href":"https:\/\/casafreitas.pt\/loja\/wp-json\/wp\/v2\/product\/130931\/revisions\/130932"}],"wp:featuredmedia":[{"embeddable":true,"href":"https:\/\/casafreitas.pt\/loja\/wp-json\/wp\/v2\/media\/130930"}],"wp:attachment":[{"href":"https:\/\/casafreitas.pt\/loja\/wp-json\/wp\/v2\/media?parent=130931"}],"wp:term":[{"taxonomy":"product_brand","embeddable":true,"href":"https:\/\/casafreitas.pt\/loja\/wp-json\/wp\/v2\/product_brand?post=130931"},{"taxonomy":"product_cat","embeddable":true,"href":"https:\/\/casafreitas.pt\/loja\/wp-json\/wp\/v2\/product_cat?post=130931"},{"taxonomy":"product_tag","embeddable":true,"href":"https:\/\/casafreitas.pt\/loja\/wp-json\/wp\/v2\/product_tag?post=130931"}],"curies":[{"name":"wp","href":"https:\/\/api.w.org\/{rel}","templated":true}]}}