{"id":130922,"date":"2025-10-29T06:51:35","date_gmt":"2025-10-29T06:51:35","guid":{"rendered":"https:\/\/casafreitas.pt\/loja\/produto\/barreira-antipo-para-portas-220-x-110-cm\/"},"modified":"2025-10-29T06:51:38","modified_gmt":"2025-10-29T06:51:38","slug":"barreira-antipo-para-portas-220-x-110-cm","status":"publish","type":"product","link":"https:\/\/casafreitas.pt\/loja\/produto\/barreira-antipo-para-portas-220-x-110-cm\/","title":{"rendered":"Barreira antip\u00f3 para portas, 220 x 110 cm"},"content":{"rendered":"","protected":false},"excerpt":{"rendered":"<p>Barreira antip\u00f3 e odores para portas, 220 x 110 cm, com z\u00edper de alta resist\u00eancia, fixada com fita adesiva comum, f\u00e1cil de instalar e dobr\u00e1vel; material de polietileno, tamanho para portas de 60 a 100 cm de largura<\/p>\n","protected":false},"featured_media":130921,"comment_status":"open","ping_status":"closed","template":"","meta":[],"product_brand":[],"product_cat":[17634,18004],"product_tag":[],"class_list":{"0":"post-130922","1":"product","2":"type-product","3":"status-publish","4":"has-post-thumbnail","6":"product_cat-protecao-construcao","7":"product_cat-construcao","9":"first","10":"instock","11":"taxable","12":"shipping-taxable","13":"purchasable","14":"product-type-simple"},"_links":{"self":[{"href":"https:\/\/casafreitas.pt\/loja\/wp-json\/wp\/v2\/product\/130922","targetHints":{"allow":["GET"]}}],"collection":[{"href":"https:\/\/casafreitas.pt\/loja\/wp-json\/wp\/v2\/product"}],"about":[{"href":"https:\/\/casafreitas.pt\/loja\/wp-json\/wp\/v2\/types\/product"}],"replies":[{"embeddable":true,"href":"https:\/\/casafreitas.pt\/loja\/wp-json\/wp\/v2\/comments?post=130922"}],"version-history":[{"count":1,"href":"https:\/\/casafreitas.pt\/loja\/wp-json\/wp\/v2\/product\/130922\/revisions"}],"predecessor-version":[{"id":130923,"href":"https:\/\/casafreitas.pt\/loja\/wp-json\/wp\/v2\/product\/130922\/revisions\/130923"}],"wp:featuredmedia":[{"embeddable":true,"href":"https:\/\/casafreitas.pt\/loja\/wp-json\/wp\/v2\/media\/130921"}],"wp:attachment":[{"href":"https:\/\/casafreitas.pt\/loja\/wp-json\/wp\/v2\/media?parent=130922"}],"wp:term":[{"taxonomy":"product_brand","embeddable":true,"href":"https:\/\/casafreitas.pt\/loja\/wp-json\/wp\/v2\/product_brand?post=130922"},{"taxonomy":"product_cat","embeddable":true,"href":"https:\/\/casafreitas.pt\/loja\/wp-json\/wp\/v2\/product_cat?post=130922"},{"taxonomy":"product_tag","embeddable":true,"href":"https:\/\/casafreitas.pt\/loja\/wp-json\/wp\/v2\/product_tag?post=130922"}],"curies":[{"name":"wp","href":"https:\/\/api.w.org\/{rel}","templated":true}]}}