{"id":130850,"date":"2025-10-29T06:34:58","date_gmt":"2025-10-29T06:34:58","guid":{"rendered":"https:\/\/casafreitas.pt\/loja\/produto\/caneca-caga-tio-330-ml-em-caixa-presente-modelos-variados\/"},"modified":"2025-11-28T22:02:26","modified_gmt":"2025-11-28T22:02:26","slug":"caneca-caga-tio-330-ml-em-caixa-presente-modelos-variados","status":"publish","type":"product","link":"https:\/\/casafreitas.pt\/loja\/produto\/caneca-caga-tio-330-ml-em-caixa-presente-modelos-variados\/","title":{"rendered":"Caneca &#8220;caga ti\u00f3&#8221; 330 ml em caixa de presente, modelos variados"},"content":{"rendered":"","protected":false},"excerpt":{"rendered":"<p>Caneca &#8220;caga ti\u00f3&#8221; 330 ml em caixa de presente, apta para m\u00e1quina de lavar lou\u00e7a, modelos variados<\/p>\n","protected":false},"featured_media":130849,"comment_status":"open","ping_status":"closed","template":"","meta":[],"product_brand":[],"product_cat":[17776,18006],"product_tag":[],"class_list":{"0":"post-130850","1":"product","2":"type-product","3":"status-publish","4":"has-post-thumbnail","6":"product_cat-artigos-para-casa-de-natal-diversos-sazonais","7":"product_cat-diversos-sazonais","9":"first","10":"instock","11":"taxable","12":"shipping-taxable","13":"purchasable","14":"product-type-simple"},"_links":{"self":[{"href":"https:\/\/casafreitas.pt\/loja\/wp-json\/wp\/v2\/product\/130850","targetHints":{"allow":["GET"]}}],"collection":[{"href":"https:\/\/casafreitas.pt\/loja\/wp-json\/wp\/v2\/product"}],"about":[{"href":"https:\/\/casafreitas.pt\/loja\/wp-json\/wp\/v2\/types\/product"}],"replies":[{"embeddable":true,"href":"https:\/\/casafreitas.pt\/loja\/wp-json\/wp\/v2\/comments?post=130850"}],"version-history":[{"count":1,"href":"https:\/\/casafreitas.pt\/loja\/wp-json\/wp\/v2\/product\/130850\/revisions"}],"predecessor-version":[{"id":130851,"href":"https:\/\/casafreitas.pt\/loja\/wp-json\/wp\/v2\/product\/130850\/revisions\/130851"}],"wp:featuredmedia":[{"embeddable":true,"href":"https:\/\/casafreitas.pt\/loja\/wp-json\/wp\/v2\/media\/130849"}],"wp:attachment":[{"href":"https:\/\/casafreitas.pt\/loja\/wp-json\/wp\/v2\/media?parent=130850"}],"wp:term":[{"taxonomy":"product_brand","embeddable":true,"href":"https:\/\/casafreitas.pt\/loja\/wp-json\/wp\/v2\/product_brand?post=130850"},{"taxonomy":"product_cat","embeddable":true,"href":"https:\/\/casafreitas.pt\/loja\/wp-json\/wp\/v2\/product_cat?post=130850"},{"taxonomy":"product_tag","embeddable":true,"href":"https:\/\/casafreitas.pt\/loja\/wp-json\/wp\/v2\/product_tag?post=130850"}],"curies":[{"name":"wp","href":"https:\/\/api.w.org\/{rel}","templated":true}]}}