{"id":130214,"date":"2025-10-29T04:00:45","date_gmt":"2025-10-29T04:00:45","guid":{"rendered":"https:\/\/casafreitas.pt\/loja\/produto\/tubo-fluorescente-15-w-4000-k-580-lm-t8-luz-fria-437-x-26-mm\/"},"modified":"2025-10-29T04:00:46","modified_gmt":"2025-10-29T04:00:46","slug":"tubo-fluorescente-15-w-4000-k-580-lm-t8-luz-fria-437-x-26-mm","status":"publish","type":"product","link":"https:\/\/casafreitas.pt\/loja\/produto\/tubo-fluorescente-15-w-4000-k-580-lm-t8-luz-fria-437-x-26-mm\/","title":{"rendered":"Tubo fluorescente 15 w 4000 k 580 lm t8 luz fria 437 x 26 mm"},"content":{"rendered":"","protected":false},"excerpt":{"rendered":"<p>Tubo fluorescente 15w, 4000 k 580 im t8, tomada g13, luz fria, regul\u00e1vel, vida \u00fatil estimada 12000 h, classe energ\u00e9tica b, 437 x \u00f826 mm<\/p>\n","protected":false},"featured_media":130213,"comment_status":"open","ping_status":"closed","template":"","meta":[],"product_brand":[],"product_cat":[17670,18004],"product_tag":[],"class_list":{"0":"post-130214","1":"product","2":"type-product","3":"status-publish","4":"has-post-thumbnail","6":"product_cat-tubos-fluorescentes-construcao","7":"product_cat-construcao","9":"first","10":"instock","11":"taxable","12":"shipping-taxable","13":"purchasable","14":"product-type-simple"},"_links":{"self":[{"href":"https:\/\/casafreitas.pt\/loja\/wp-json\/wp\/v2\/product\/130214","targetHints":{"allow":["GET"]}}],"collection":[{"href":"https:\/\/casafreitas.pt\/loja\/wp-json\/wp\/v2\/product"}],"about":[{"href":"https:\/\/casafreitas.pt\/loja\/wp-json\/wp\/v2\/types\/product"}],"replies":[{"embeddable":true,"href":"https:\/\/casafreitas.pt\/loja\/wp-json\/wp\/v2\/comments?post=130214"}],"version-history":[{"count":1,"href":"https:\/\/casafreitas.pt\/loja\/wp-json\/wp\/v2\/product\/130214\/revisions"}],"predecessor-version":[{"id":130215,"href":"https:\/\/casafreitas.pt\/loja\/wp-json\/wp\/v2\/product\/130214\/revisions\/130215"}],"wp:featuredmedia":[{"embeddable":true,"href":"https:\/\/casafreitas.pt\/loja\/wp-json\/wp\/v2\/media\/130213"}],"wp:attachment":[{"href":"https:\/\/casafreitas.pt\/loja\/wp-json\/wp\/v2\/media?parent=130214"}],"wp:term":[{"taxonomy":"product_brand","embeddable":true,"href":"https:\/\/casafreitas.pt\/loja\/wp-json\/wp\/v2\/product_brand?post=130214"},{"taxonomy":"product_cat","embeddable":true,"href":"https:\/\/casafreitas.pt\/loja\/wp-json\/wp\/v2\/product_cat?post=130214"},{"taxonomy":"product_tag","embeddable":true,"href":"https:\/\/casafreitas.pt\/loja\/wp-json\/wp\/v2\/product_tag?post=130214"}],"curies":[{"name":"wp","href":"https:\/\/api.w.org\/{rel}","templated":true}]}}