{"id":130208,"date":"2025-10-29T03:59:32","date_gmt":"2025-10-29T03:59:32","guid":{"rendered":"https:\/\/casafreitas.pt\/loja\/produto\/fita-led-branca-6500-k-luz-fria-flexivel-profissional-16-w-m-1600-lm-m-120-led-m-230-v-ip65-rolo-50-m-x-10-x-25-mm\/"},"modified":"2025-10-29T03:59:34","modified_gmt":"2025-10-29T03:59:34","slug":"fita-led-branca-6500-k-luz-fria-flexivel-profissional-16-w-m-1600-lm-m-120-led-m-230-v-ip65-rolo-50-m-x-10-x-25-mm","status":"publish","type":"product","link":"https:\/\/casafreitas.pt\/loja\/produto\/fita-led-branca-6500-k-luz-fria-flexivel-profissional-16-w-m-1600-lm-m-120-led-m-230-v-ip65-rolo-50-m-x-10-x-25-mm\/","title":{"rendered":"Fita de led branca 6500 k, luz fria flex\u00edvel profissional, 16 w\/m 1600 lm\/m 120 led\/m, 230 v, ip65, rolo 50 m x 10 x 2,5 mm"},"content":{"rendered":"","protected":false},"excerpt":{"rendered":"<p>Fita de led branca 6500 k, luz fria flex\u00edvel profissional 16 w\/m 1600 lm\/m 120 led\/m, 220-230 v 50-60 hz, ip65, rolo 50 m x 10 x 2,5 mm, corte a cada 10 cm, fp&gt;0,95, irc&gt;80, capa de silicone, vida \u00fatil de 50000 h em perfil de alum\u00ednio, conex\u00e3o direta a 230 v, sem necessidade de drivers, regul\u00e1vel triac, conex\u00e3o m\u00e1xima de 50 m, adesivo 3m<\/p>\n","protected":false},"featured_media":130207,"comment_status":"open","ping_status":"closed","template":"","meta":[],"product_brand":[],"product_cat":[17970,18008],"product_tag":[12919],"class_list":{"0":"post-130208","1":"product","2":"type-product","3":"status-publish","4":"has-post-thumbnail","6":"product_cat-tiras-led-e-acessorios-iluminacao-2","7":"product_cat-iluminacao","8":"product_tag-fbright","10":"first","11":"instock","12":"taxable","13":"shipping-taxable","14":"purchasable","15":"product-type-simple"},"_links":{"self":[{"href":"https:\/\/casafreitas.pt\/loja\/wp-json\/wp\/v2\/product\/130208","targetHints":{"allow":["GET"]}}],"collection":[{"href":"https:\/\/casafreitas.pt\/loja\/wp-json\/wp\/v2\/product"}],"about":[{"href":"https:\/\/casafreitas.pt\/loja\/wp-json\/wp\/v2\/types\/product"}],"replies":[{"embeddable":true,"href":"https:\/\/casafreitas.pt\/loja\/wp-json\/wp\/v2\/comments?post=130208"}],"version-history":[{"count":1,"href":"https:\/\/casafreitas.pt\/loja\/wp-json\/wp\/v2\/product\/130208\/revisions"}],"predecessor-version":[{"id":130209,"href":"https:\/\/casafreitas.pt\/loja\/wp-json\/wp\/v2\/product\/130208\/revisions\/130209"}],"wp:featuredmedia":[{"embeddable":true,"href":"https:\/\/casafreitas.pt\/loja\/wp-json\/wp\/v2\/media\/130207"}],"wp:attachment":[{"href":"https:\/\/casafreitas.pt\/loja\/wp-json\/wp\/v2\/media?parent=130208"}],"wp:term":[{"taxonomy":"product_brand","embeddable":true,"href":"https:\/\/casafreitas.pt\/loja\/wp-json\/wp\/v2\/product_brand?post=130208"},{"taxonomy":"product_cat","embeddable":true,"href":"https:\/\/casafreitas.pt\/loja\/wp-json\/wp\/v2\/product_cat?post=130208"},{"taxonomy":"product_tag","embeddable":true,"href":"https:\/\/casafreitas.pt\/loja\/wp-json\/wp\/v2\/product_tag?post=130208"}],"curies":[{"name":"wp","href":"https:\/\/api.w.org\/{rel}","templated":true}]}}