{"id":129798,"date":"2025-10-29T02:08:27","date_gmt":"2025-10-29T02:08:27","guid":{"rendered":"https:\/\/casafreitas.pt\/loja\/produto\/frigideira-aluminio-prensado-inducao-experto-o20-cm\/"},"modified":"2025-10-29T02:08:30","modified_gmt":"2025-10-29T02:08:30","slug":"frigideira-aluminio-prensado-inducao-experto-o20-cm","status":"publish","type":"product","link":"https:\/\/casafreitas.pt\/loja\/produto\/frigideira-aluminio-prensado-inducao-experto-o20-cm\/","title":{"rendered":"Frigideira de alum\u00ednio prensado, indu\u00e7\u00e3o, experto \u00f820 cm"},"content":{"rendered":"","protected":false},"excerpt":{"rendered":"<p>Frigideira de alum\u00ednio prensado para indu\u00e7\u00e3o, acabento exterior verde, interior com revestimento antiaderente preto, exterior resistente ao calor em pq-7764c. cabo preto resistente ao calor e de tato suave, \u00f820 x 5,5 cm<\/p>\n","protected":false},"featured_media":129797,"comment_status":"open","ping_status":"closed","template":"","meta":[],"product_brand":[],"product_cat":[13518,8800],"product_tag":[],"class_list":{"0":"post-129798","1":"product","2":"type-product","3":"status-publish","4":"has-post-thumbnail","6":"product_cat-frigideiras-pequenos-domesticos","7":"product_cat-pequenos-domesticos","9":"first","10":"instock","11":"taxable","12":"shipping-taxable","13":"purchasable","14":"product-type-simple"},"_links":{"self":[{"href":"https:\/\/casafreitas.pt\/loja\/wp-json\/wp\/v2\/product\/129798","targetHints":{"allow":["GET"]}}],"collection":[{"href":"https:\/\/casafreitas.pt\/loja\/wp-json\/wp\/v2\/product"}],"about":[{"href":"https:\/\/casafreitas.pt\/loja\/wp-json\/wp\/v2\/types\/product"}],"replies":[{"embeddable":true,"href":"https:\/\/casafreitas.pt\/loja\/wp-json\/wp\/v2\/comments?post=129798"}],"version-history":[{"count":1,"href":"https:\/\/casafreitas.pt\/loja\/wp-json\/wp\/v2\/product\/129798\/revisions"}],"predecessor-version":[{"id":129799,"href":"https:\/\/casafreitas.pt\/loja\/wp-json\/wp\/v2\/product\/129798\/revisions\/129799"}],"wp:featuredmedia":[{"embeddable":true,"href":"https:\/\/casafreitas.pt\/loja\/wp-json\/wp\/v2\/media\/129797"}],"wp:attachment":[{"href":"https:\/\/casafreitas.pt\/loja\/wp-json\/wp\/v2\/media?parent=129798"}],"wp:term":[{"taxonomy":"product_brand","embeddable":true,"href":"https:\/\/casafreitas.pt\/loja\/wp-json\/wp\/v2\/product_brand?post=129798"},{"taxonomy":"product_cat","embeddable":true,"href":"https:\/\/casafreitas.pt\/loja\/wp-json\/wp\/v2\/product_cat?post=129798"},{"taxonomy":"product_tag","embeddable":true,"href":"https:\/\/casafreitas.pt\/loja\/wp-json\/wp\/v2\/product_tag?post=129798"}],"curies":[{"name":"wp","href":"https:\/\/api.w.org\/{rel}","templated":true}]}}