{"id":129760,"date":"2025-10-29T01:59:52","date_gmt":"2025-10-29T01:59:52","guid":{"rendered":"https:\/\/casafreitas.pt\/loja\/produto\/fogao-gas-butano-propano-outer-start-green-2300-w\/"},"modified":"2025-10-29T01:59:54","modified_gmt":"2025-10-29T01:59:54","slug":"fogao-gas-butano-propano-outer-start-green-2300-w","status":"publish","type":"product","link":"https:\/\/casafreitas.pt\/loja\/produto\/fogao-gas-butano-propano-outer-start-green-2300-w\/","title":{"rendered":"Fog\u00e3o a g\u00e1s butano\/propano outer start green 2300 w"},"content":{"rendered":"","protected":false},"excerpt":{"rendered":"<p>Fog\u00e3o a g\u00e1s port\u00e1til para uso externo. compat\u00edvel com g\u00e1s: cartucho de butano tipo msf-1a en417. com sa\u00edda externa de propano g-31\/butano g-30. pot\u00eancia de 2,3 kw. sensor de press\u00e3o e dispositivo de seguran\u00e7a para ajuste do cartucho. regulador de chama vari\u00e1vel. f\u00e1cil de limpar: bandeja de pingadeiras esmaltada remov\u00edvel. inclui estojo de transporte. cor: verde<\/p>\n","protected":false},"featured_media":129759,"comment_status":"open","ping_status":"closed","template":"","meta":[],"product_brand":[],"product_cat":[17751,18005],"product_tag":[18046],"class_list":{"0":"post-129760","1":"product","2":"type-product","3":"status-publish","4":"has-post-thumbnail","6":"product_cat-cozinha-portatil-lampadas-a-gas-desporto-e-campismo","7":"product_cat-desporto-campismo","8":"product_tag-elma","10":"first","11":"instock","12":"taxable","13":"shipping-taxable","14":"purchasable","15":"product-type-simple"},"_links":{"self":[{"href":"https:\/\/casafreitas.pt\/loja\/wp-json\/wp\/v2\/product\/129760","targetHints":{"allow":["GET"]}}],"collection":[{"href":"https:\/\/casafreitas.pt\/loja\/wp-json\/wp\/v2\/product"}],"about":[{"href":"https:\/\/casafreitas.pt\/loja\/wp-json\/wp\/v2\/types\/product"}],"replies":[{"embeddable":true,"href":"https:\/\/casafreitas.pt\/loja\/wp-json\/wp\/v2\/comments?post=129760"}],"version-history":[{"count":1,"href":"https:\/\/casafreitas.pt\/loja\/wp-json\/wp\/v2\/product\/129760\/revisions"}],"predecessor-version":[{"id":129761,"href":"https:\/\/casafreitas.pt\/loja\/wp-json\/wp\/v2\/product\/129760\/revisions\/129761"}],"wp:featuredmedia":[{"embeddable":true,"href":"https:\/\/casafreitas.pt\/loja\/wp-json\/wp\/v2\/media\/129759"}],"wp:attachment":[{"href":"https:\/\/casafreitas.pt\/loja\/wp-json\/wp\/v2\/media?parent=129760"}],"wp:term":[{"taxonomy":"product_brand","embeddable":true,"href":"https:\/\/casafreitas.pt\/loja\/wp-json\/wp\/v2\/product_brand?post=129760"},{"taxonomy":"product_cat","embeddable":true,"href":"https:\/\/casafreitas.pt\/loja\/wp-json\/wp\/v2\/product_cat?post=129760"},{"taxonomy":"product_tag","embeddable":true,"href":"https:\/\/casafreitas.pt\/loja\/wp-json\/wp\/v2\/product_tag?post=129760"}],"curies":[{"name":"wp","href":"https:\/\/api.w.org\/{rel}","templated":true}]}}