{"id":128995,"date":"2025-10-10T09:33:24","date_gmt":"2025-10-10T09:33:24","guid":{"rendered":"https:\/\/casafreitas.pt\/loja\/produto\/malha-sinalizacao-cor-laranja-1-x-50-m\/"},"modified":"2025-10-24T07:22:22","modified_gmt":"2025-10-24T07:22:22","slug":"malha-sinalizacao-cor-laranja-1-x-50-m","status":"publish","type":"product","link":"https:\/\/casafreitas.pt\/loja\/produto\/malha-sinalizacao-cor-laranja-1-x-50-m\/","title":{"rendered":"Malha de sinaliza\u00e7\u00e3o cor de laranja 1 x 50 m"},"content":{"rendered":"","protected":false},"excerpt":{"rendered":"<p>Malha de sinaliza\u00e7\u00e3o cor de laranja 1 x 50 m<\/p>\n","protected":false},"featured_media":128994,"comment_status":"open","ping_status":"closed","template":"","meta":[],"product_brand":[],"product_cat":[11488,17492],"product_tag":[13484],"class_list":{"0":"post-128995","1":"product","2":"type-product","3":"status-publish","4":"has-post-thumbnail","6":"product_cat-ferramentas","7":"product_cat-protecao-de-construcao-ferramentas","8":"product_tag-seimark","10":"first","11":"instock","12":"taxable","13":"shipping-taxable","14":"purchasable","15":"product-type-simple"},"_links":{"self":[{"href":"https:\/\/casafreitas.pt\/loja\/wp-json\/wp\/v2\/product\/128995","targetHints":{"allow":["GET"]}}],"collection":[{"href":"https:\/\/casafreitas.pt\/loja\/wp-json\/wp\/v2\/product"}],"about":[{"href":"https:\/\/casafreitas.pt\/loja\/wp-json\/wp\/v2\/types\/product"}],"replies":[{"embeddable":true,"href":"https:\/\/casafreitas.pt\/loja\/wp-json\/wp\/v2\/comments?post=128995"}],"version-history":[{"count":1,"href":"https:\/\/casafreitas.pt\/loja\/wp-json\/wp\/v2\/product\/128995\/revisions"}],"predecessor-version":[{"id":128996,"href":"https:\/\/casafreitas.pt\/loja\/wp-json\/wp\/v2\/product\/128995\/revisions\/128996"}],"wp:featuredmedia":[{"embeddable":true,"href":"https:\/\/casafreitas.pt\/loja\/wp-json\/wp\/v2\/media\/128994"}],"wp:attachment":[{"href":"https:\/\/casafreitas.pt\/loja\/wp-json\/wp\/v2\/media?parent=128995"}],"wp:term":[{"taxonomy":"product_brand","embeddable":true,"href":"https:\/\/casafreitas.pt\/loja\/wp-json\/wp\/v2\/product_brand?post=128995"},{"taxonomy":"product_cat","embeddable":true,"href":"https:\/\/casafreitas.pt\/loja\/wp-json\/wp\/v2\/product_cat?post=128995"},{"taxonomy":"product_tag","embeddable":true,"href":"https:\/\/casafreitas.pt\/loja\/wp-json\/wp\/v2\/product_tag?post=128995"}],"curies":[{"name":"wp","href":"https:\/\/api.w.org\/{rel}","templated":true}]}}