{"id":128956,"date":"2025-10-10T09:27:00","date_gmt":"2025-10-10T09:27:00","guid":{"rendered":"https:\/\/casafreitas.pt\/loja\/produto\/aspirador-vertical-ad-7036-800-w\/"},"modified":"2025-10-24T07:22:18","modified_gmt":"2025-10-24T07:22:18","slug":"aspirador-vertical-ad-7036-800-w","status":"publish","type":"product","link":"https:\/\/casafreitas.pt\/loja\/produto\/aspirador-vertical-ad-7036-800-w\/","title":{"rendered":"Aspirador vertical ad 7036 800 w"},"content":{"rendered":"","protected":false},"excerpt":{"rendered":"<p>Aspirador vertical sem saco ad 7036, 800 w; cabo de alimenta\u00e7\u00e3o de 5,5 m, \u00e1rea de trabalho de 7 m, inclui 3 cabe\u00e7as, recipiente de pl\u00e1stico e filtro adequados para limpeza com \u00e1gua, capacidade do dep\u00f3sito de p\u00f3 1,5 l, sensor t\u00e9rmico que protege o dispositivo contra sobreaquecimento, 220-240 v~50-60 hz; 21 x 23,5 x 120 cm<\/p>\n","protected":false},"featured_media":128955,"comment_status":"open","ping_status":"closed","template":"","meta":[],"product_brand":[],"product_cat":[17385,8800],"product_tag":[12321],"class_list":{"0":"post-128956","1":"product","2":"type-product","3":"status-publish","4":"has-post-thumbnail","6":"product_cat-aspiradores-de-po-limpadores-de-vapor-pequenos-domesticos","7":"product_cat-pequenos-domesticos","8":"product_tag-adler","10":"first","11":"instock","12":"taxable","13":"shipping-taxable","14":"purchasable","15":"product-type-simple"},"_links":{"self":[{"href":"https:\/\/casafreitas.pt\/loja\/wp-json\/wp\/v2\/product\/128956","targetHints":{"allow":["GET"]}}],"collection":[{"href":"https:\/\/casafreitas.pt\/loja\/wp-json\/wp\/v2\/product"}],"about":[{"href":"https:\/\/casafreitas.pt\/loja\/wp-json\/wp\/v2\/types\/product"}],"replies":[{"embeddable":true,"href":"https:\/\/casafreitas.pt\/loja\/wp-json\/wp\/v2\/comments?post=128956"}],"version-history":[{"count":1,"href":"https:\/\/casafreitas.pt\/loja\/wp-json\/wp\/v2\/product\/128956\/revisions"}],"predecessor-version":[{"id":128957,"href":"https:\/\/casafreitas.pt\/loja\/wp-json\/wp\/v2\/product\/128956\/revisions\/128957"}],"wp:featuredmedia":[{"embeddable":true,"href":"https:\/\/casafreitas.pt\/loja\/wp-json\/wp\/v2\/media\/128955"}],"wp:attachment":[{"href":"https:\/\/casafreitas.pt\/loja\/wp-json\/wp\/v2\/media?parent=128956"}],"wp:term":[{"taxonomy":"product_brand","embeddable":true,"href":"https:\/\/casafreitas.pt\/loja\/wp-json\/wp\/v2\/product_brand?post=128956"},{"taxonomy":"product_cat","embeddable":true,"href":"https:\/\/casafreitas.pt\/loja\/wp-json\/wp\/v2\/product_cat?post=128956"},{"taxonomy":"product_tag","embeddable":true,"href":"https:\/\/casafreitas.pt\/loja\/wp-json\/wp\/v2\/product_tag?post=128956"}],"curies":[{"name":"wp","href":"https:\/\/api.w.org\/{rel}","templated":true}]}}