{"id":128953,"date":"2025-10-10T09:26:32","date_gmt":"2025-10-10T09:26:32","guid":{"rendered":"https:\/\/casafreitas.pt\/loja\/produto\/ferro-engomar-vapor-cr-5018-com-revestimento-ceramico-3000-w\/"},"modified":"2025-10-24T07:22:18","modified_gmt":"2025-10-24T07:22:18","slug":"ferro-engomar-vapor-cr-5018-com-revestimento-ceramico-3000-w","status":"publish","type":"product","link":"https:\/\/casafreitas.pt\/loja\/produto\/ferro-engomar-vapor-cr-5018-com-revestimento-ceramico-3000-w\/","title":{"rendered":"Ferro de engomar a vapor cr 5018, com revestimento cer\u00e2mico, 3000 w"},"content":{"rendered":"","protected":false},"excerpt":{"rendered":"<p>Ferro de engomar a vapor cr 5018 com revestimento cer\u00e2mico 3000 w; 5 fun\u00e7\u00f5es: passar a vapor vertical, jato de vapor 75 g\/min, passar a vapor cont\u00ednuo 40 g\/min, spray 0,5 g\/jato, passar a seco; 4 sistemas: antigotas, anticalc\u00e1rio, autolimpeza, desliga autom\u00e1tico; dep\u00f3sito de \u00e1gua 320 ml; pot\u00eancia nominal 2000-2400 w, pot\u00eancia m\u00e1xima 3000 w, comprimento do cabo 190 cm; 220-240 v ~ 50-60 hz; 29 x 12,2 x 14,5 cm<\/p>\n","protected":false},"featured_media":128952,"comment_status":"open","ping_status":"closed","template":"","meta":[],"product_brand":[],"product_cat":[17719,18003],"product_tag":[12325],"class_list":{"0":"post-128953","1":"product","2":"type-product","3":"status-publish","4":"has-post-thumbnail","6":"product_cat-passadoras-de-roupa-casa-e-decoracao","7":"product_cat-casa-decoracao","8":"product_tag-camry","10":"first","11":"instock","12":"taxable","13":"shipping-taxable","14":"purchasable","15":"product-type-simple"},"_links":{"self":[{"href":"https:\/\/casafreitas.pt\/loja\/wp-json\/wp\/v2\/product\/128953","targetHints":{"allow":["GET"]}}],"collection":[{"href":"https:\/\/casafreitas.pt\/loja\/wp-json\/wp\/v2\/product"}],"about":[{"href":"https:\/\/casafreitas.pt\/loja\/wp-json\/wp\/v2\/types\/product"}],"replies":[{"embeddable":true,"href":"https:\/\/casafreitas.pt\/loja\/wp-json\/wp\/v2\/comments?post=128953"}],"version-history":[{"count":1,"href":"https:\/\/casafreitas.pt\/loja\/wp-json\/wp\/v2\/product\/128953\/revisions"}],"predecessor-version":[{"id":128954,"href":"https:\/\/casafreitas.pt\/loja\/wp-json\/wp\/v2\/product\/128953\/revisions\/128954"}],"wp:featuredmedia":[{"embeddable":true,"href":"https:\/\/casafreitas.pt\/loja\/wp-json\/wp\/v2\/media\/128952"}],"wp:attachment":[{"href":"https:\/\/casafreitas.pt\/loja\/wp-json\/wp\/v2\/media?parent=128953"}],"wp:term":[{"taxonomy":"product_brand","embeddable":true,"href":"https:\/\/casafreitas.pt\/loja\/wp-json\/wp\/v2\/product_brand?post=128953"},{"taxonomy":"product_cat","embeddable":true,"href":"https:\/\/casafreitas.pt\/loja\/wp-json\/wp\/v2\/product_cat?post=128953"},{"taxonomy":"product_tag","embeddable":true,"href":"https:\/\/casafreitas.pt\/loja\/wp-json\/wp\/v2\/product_tag?post=128953"}],"curies":[{"name":"wp","href":"https:\/\/api.w.org\/{rel}","templated":true}]}}