{"id":128941,"date":"2025-10-10T09:24:39","date_gmt":"2025-10-10T09:24:39","guid":{"rendered":"https:\/\/casafreitas.pt\/loja\/produto\/batedeira-manual-ad-4622-300-w\/"},"modified":"2025-10-24T07:22:17","modified_gmt":"2025-10-24T07:22:17","slug":"batedeira-manual-ad-4622-300-w","status":"publish","type":"product","link":"https:\/\/casafreitas.pt\/loja\/produto\/batedeira-manual-ad-4622-300-w\/","title":{"rendered":"Batedeira manual ad 4622 300 w"},"content":{"rendered":"","protected":false},"excerpt":{"rendered":"<p>Batedeira manual ad 4622 300 w; l\u00e2mina de inox, velocidade m\u00e1xima de 14240 rpm, cabo ergon\u00f3mico, haste remov\u00edvel para limpeza; pot\u00eancia: nominal 200 w, m\u00e1xima 300 w, comprimento do cabo 100 cm; 220-240 v ~ 50-60 hz; 8 x 6,5 x 35,5 cm<\/p>\n","protected":false},"featured_media":128940,"comment_status":"open","ping_status":"closed","template":"","meta":[],"product_brand":[],"product_cat":[17405,8800],"product_tag":[12321],"class_list":{"0":"post-128941","1":"product","2":"type-product","3":"status-publish","4":"has-post-thumbnail","6":"product_cat-liquidificadores-picadoras-pequenos-domesticos","7":"product_cat-pequenos-domesticos","8":"product_tag-adler","10":"first","11":"instock","12":"taxable","13":"shipping-taxable","14":"purchasable","15":"product-type-simple"},"_links":{"self":[{"href":"https:\/\/casafreitas.pt\/loja\/wp-json\/wp\/v2\/product\/128941","targetHints":{"allow":["GET"]}}],"collection":[{"href":"https:\/\/casafreitas.pt\/loja\/wp-json\/wp\/v2\/product"}],"about":[{"href":"https:\/\/casafreitas.pt\/loja\/wp-json\/wp\/v2\/types\/product"}],"replies":[{"embeddable":true,"href":"https:\/\/casafreitas.pt\/loja\/wp-json\/wp\/v2\/comments?post=128941"}],"version-history":[{"count":1,"href":"https:\/\/casafreitas.pt\/loja\/wp-json\/wp\/v2\/product\/128941\/revisions"}],"predecessor-version":[{"id":128942,"href":"https:\/\/casafreitas.pt\/loja\/wp-json\/wp\/v2\/product\/128941\/revisions\/128942"}],"wp:featuredmedia":[{"embeddable":true,"href":"https:\/\/casafreitas.pt\/loja\/wp-json\/wp\/v2\/media\/128940"}],"wp:attachment":[{"href":"https:\/\/casafreitas.pt\/loja\/wp-json\/wp\/v2\/media?parent=128941"}],"wp:term":[{"taxonomy":"product_brand","embeddable":true,"href":"https:\/\/casafreitas.pt\/loja\/wp-json\/wp\/v2\/product_brand?post=128941"},{"taxonomy":"product_cat","embeddable":true,"href":"https:\/\/casafreitas.pt\/loja\/wp-json\/wp\/v2\/product_cat?post=128941"},{"taxonomy":"product_tag","embeddable":true,"href":"https:\/\/casafreitas.pt\/loja\/wp-json\/wp\/v2\/product_tag?post=128941"}],"curies":[{"name":"wp","href":"https:\/\/api.w.org\/{rel}","templated":true}]}}