{"id":128938,"date":"2025-10-10T09:24:07","date_gmt":"2025-10-10T09:24:07","guid":{"rendered":"https:\/\/casafreitas.pt\/loja\/produto\/liquidificador-ad-4085-1000-w-15-l\/"},"modified":"2025-10-24T07:22:17","modified_gmt":"2025-10-24T07:22:17","slug":"liquidificador-ad-4085-1000-w-15-l","status":"publish","type":"product","link":"https:\/\/casafreitas.pt\/loja\/produto\/liquidificador-ad-4085-1000-w-15-l\/","title":{"rendered":"Liquidificador ad 4085, 1000 w, 1,5 l"},"content":{"rendered":"","protected":false},"excerpt":{"rendered":"<p>Liquidificador ad 4085 1000 w 1,5 l; jarro leve de pl\u00e1stico, livre de bpa, l\u00e2mina de inox com quatro l\u00e2minas, fun\u00e7\u00e3o de pulsa\u00e7\u00e3o, duas velocidades: m\u00e1ximo 16000 e m\u00e1ximo 20000 rpm, corpo de pl\u00e1stico pp, tampa com copo medidor remov\u00edvel de 64 ml, m\u00f3dulo de corte remov\u00edvel para limpeza, suportes antiderrapantes, prote\u00e7\u00e3o contra sobreaquecimento; comprimento do cabo 120 cm; 220-240 v ~ 50-60 hz; 15 x 19 x 37 cm<\/p>\n","protected":false},"featured_media":128937,"comment_status":"open","ping_status":"closed","template":"","meta":[],"product_brand":[],"product_cat":[17405,8800],"product_tag":[12321],"class_list":{"0":"post-128938","1":"product","2":"type-product","3":"status-publish","4":"has-post-thumbnail","6":"product_cat-liquidificadores-picadoras-pequenos-domesticos","7":"product_cat-pequenos-domesticos","8":"product_tag-adler","10":"first","11":"instock","12":"taxable","13":"shipping-taxable","14":"purchasable","15":"product-type-simple"},"_links":{"self":[{"href":"https:\/\/casafreitas.pt\/loja\/wp-json\/wp\/v2\/product\/128938","targetHints":{"allow":["GET"]}}],"collection":[{"href":"https:\/\/casafreitas.pt\/loja\/wp-json\/wp\/v2\/product"}],"about":[{"href":"https:\/\/casafreitas.pt\/loja\/wp-json\/wp\/v2\/types\/product"}],"replies":[{"embeddable":true,"href":"https:\/\/casafreitas.pt\/loja\/wp-json\/wp\/v2\/comments?post=128938"}],"version-history":[{"count":1,"href":"https:\/\/casafreitas.pt\/loja\/wp-json\/wp\/v2\/product\/128938\/revisions"}],"predecessor-version":[{"id":128939,"href":"https:\/\/casafreitas.pt\/loja\/wp-json\/wp\/v2\/product\/128938\/revisions\/128939"}],"wp:featuredmedia":[{"embeddable":true,"href":"https:\/\/casafreitas.pt\/loja\/wp-json\/wp\/v2\/media\/128937"}],"wp:attachment":[{"href":"https:\/\/casafreitas.pt\/loja\/wp-json\/wp\/v2\/media?parent=128938"}],"wp:term":[{"taxonomy":"product_brand","embeddable":true,"href":"https:\/\/casafreitas.pt\/loja\/wp-json\/wp\/v2\/product_brand?post=128938"},{"taxonomy":"product_cat","embeddable":true,"href":"https:\/\/casafreitas.pt\/loja\/wp-json\/wp\/v2\/product_cat?post=128938"},{"taxonomy":"product_tag","embeddable":true,"href":"https:\/\/casafreitas.pt\/loja\/wp-json\/wp\/v2\/product_tag?post=128938"}],"curies":[{"name":"wp","href":"https:\/\/api.w.org\/{rel}","templated":true}]}}