{"id":128923,"date":"2025-10-10T09:21:40","date_gmt":"2025-10-10T09:21:40","guid":{"rendered":"https:\/\/casafreitas.pt\/loja\/produto\/jarro-eletrico-vidro-para-agua-ad-1274-2200-w-17-l\/"},"modified":"2025-10-24T07:22:15","modified_gmt":"2025-10-24T07:22:15","slug":"jarro-eletrico-vidro-para-agua-ad-1274-2200-w-17-l","status":"publish","type":"product","link":"https:\/\/casafreitas.pt\/loja\/produto\/jarro-eletrico-vidro-para-agua-ad-1274-2200-w-17-l\/","title":{"rendered":"Jarro el\u00e9trico de vidro para \u00e1gua ad 1274, 2200 w, 1,7 l"},"content":{"rendered":"","protected":false},"excerpt":{"rendered":"<p>Jarro el\u00e9trico de vidro para \u00e1gua ad 1274, 2200 w; capacidade: m\u00e1xima 1,7 l, m\u00ednima 0,5 l, elemento de aquecimento de inox, prote\u00e7\u00e3o contra ebuli\u00e7\u00e3o sem \u00e1gua, retro ilumina\u00e7\u00e3o led azul durante a cozedura, luz indicadora, indicador de n\u00edvel de \u00e1gua com escala, desliga autom\u00e1tico; base girat\u00f3ria 360\u00b0, carca\u00e7a fabricada em polipropileno, compartimento para armazenamento do cabo de alimenta\u00e7\u00e3o, o cabo mede 69 cm; pot\u00eancia nominal 1850 w, m\u00e1xima 2200 w; 220-240 v~50-60 hz; 24 x 21 x 16 cm<\/p>\n","protected":false},"featured_media":128922,"comment_status":"open","ping_status":"closed","template":"","meta":[],"product_brand":[],"product_cat":[17395,8800],"product_tag":[12321],"class_list":{"0":"post-128923","1":"product","2":"type-product","3":"status-publish","4":"has-post-thumbnail","6":"product_cat-fervedores-kettle-pequenos-domesticos","7":"product_cat-pequenos-domesticos","8":"product_tag-adler","10":"first","11":"instock","12":"taxable","13":"shipping-taxable","14":"purchasable","15":"product-type-simple"},"_links":{"self":[{"href":"https:\/\/casafreitas.pt\/loja\/wp-json\/wp\/v2\/product\/128923","targetHints":{"allow":["GET"]}}],"collection":[{"href":"https:\/\/casafreitas.pt\/loja\/wp-json\/wp\/v2\/product"}],"about":[{"href":"https:\/\/casafreitas.pt\/loja\/wp-json\/wp\/v2\/types\/product"}],"replies":[{"embeddable":true,"href":"https:\/\/casafreitas.pt\/loja\/wp-json\/wp\/v2\/comments?post=128923"}],"version-history":[{"count":1,"href":"https:\/\/casafreitas.pt\/loja\/wp-json\/wp\/v2\/product\/128923\/revisions"}],"predecessor-version":[{"id":128924,"href":"https:\/\/casafreitas.pt\/loja\/wp-json\/wp\/v2\/product\/128923\/revisions\/128924"}],"wp:featuredmedia":[{"embeddable":true,"href":"https:\/\/casafreitas.pt\/loja\/wp-json\/wp\/v2\/media\/128922"}],"wp:attachment":[{"href":"https:\/\/casafreitas.pt\/loja\/wp-json\/wp\/v2\/media?parent=128923"}],"wp:term":[{"taxonomy":"product_brand","embeddable":true,"href":"https:\/\/casafreitas.pt\/loja\/wp-json\/wp\/v2\/product_brand?post=128923"},{"taxonomy":"product_cat","embeddable":true,"href":"https:\/\/casafreitas.pt\/loja\/wp-json\/wp\/v2\/product_cat?post=128923"},{"taxonomy":"product_tag","embeddable":true,"href":"https:\/\/casafreitas.pt\/loja\/wp-json\/wp\/v2\/product_tag?post=128923"}],"curies":[{"name":"wp","href":"https:\/\/api.w.org\/{rel}","templated":true}]}}