{"id":128920,"date":"2025-10-10T09:21:07","date_gmt":"2025-10-10T09:21:07","guid":{"rendered":"https:\/\/casafreitas.pt\/loja\/produto\/cozedor-ovos-ad-4486-ate-8ovos-800w\/"},"modified":"2025-10-24T07:22:15","modified_gmt":"2025-10-24T07:22:15","slug":"cozedor-ovos-ad-4486-ate-8ovos-800w","status":"publish","type":"product","link":"https:\/\/casafreitas.pt\/loja\/produto\/cozedor-ovos-ad-4486-ate-8ovos-800w\/","title":{"rendered":"Cozedor de ovos ad 4486, at\u00e9 8ovos, 800w"},"content":{"rendered":"","protected":false},"excerpt":{"rendered":"<p>Cozedor de ovos ad 4486, 800w; de um a oito ovos de cada vez, tr\u00eas pontos de cozedura (moles, m\u00e9dios ou duros); luz indicadora, desliga autom\u00e1tico com sinal sonoro, copo medidor de \u00e1gua com agulha para perfurar ovos, molde para fazer ovos estrelados, pot\u00eancia nominal 500w, m\u00e1xima 800w; caixa met\u00e1lica; cabo 82cm; 220-240v~50-60hz<\/p>\n","protected":false},"featured_media":128919,"comment_status":"open","ping_status":"closed","template":"","meta":[],"product_brand":[],"product_cat":[8800,17416],"product_tag":[12321],"class_list":{"0":"post-128920","1":"product","2":"type-product","3":"status-publish","4":"has-post-thumbnail","6":"product_cat-pequenos-domesticos","7":"product_cat-vaporizadores-panela-de-arroz-pequenos-domesticos","8":"product_tag-adler","10":"first","11":"instock","12":"taxable","13":"shipping-taxable","14":"purchasable","15":"product-type-simple"},"_links":{"self":[{"href":"https:\/\/casafreitas.pt\/loja\/wp-json\/wp\/v2\/product\/128920","targetHints":{"allow":["GET"]}}],"collection":[{"href":"https:\/\/casafreitas.pt\/loja\/wp-json\/wp\/v2\/product"}],"about":[{"href":"https:\/\/casafreitas.pt\/loja\/wp-json\/wp\/v2\/types\/product"}],"replies":[{"embeddable":true,"href":"https:\/\/casafreitas.pt\/loja\/wp-json\/wp\/v2\/comments?post=128920"}],"version-history":[{"count":1,"href":"https:\/\/casafreitas.pt\/loja\/wp-json\/wp\/v2\/product\/128920\/revisions"}],"predecessor-version":[{"id":128921,"href":"https:\/\/casafreitas.pt\/loja\/wp-json\/wp\/v2\/product\/128920\/revisions\/128921"}],"wp:featuredmedia":[{"embeddable":true,"href":"https:\/\/casafreitas.pt\/loja\/wp-json\/wp\/v2\/media\/128919"}],"wp:attachment":[{"href":"https:\/\/casafreitas.pt\/loja\/wp-json\/wp\/v2\/media?parent=128920"}],"wp:term":[{"taxonomy":"product_brand","embeddable":true,"href":"https:\/\/casafreitas.pt\/loja\/wp-json\/wp\/v2\/product_brand?post=128920"},{"taxonomy":"product_cat","embeddable":true,"href":"https:\/\/casafreitas.pt\/loja\/wp-json\/wp\/v2\/product_cat?post=128920"},{"taxonomy":"product_tag","embeddable":true,"href":"https:\/\/casafreitas.pt\/loja\/wp-json\/wp\/v2\/product_tag?post=128920"}],"curies":[{"name":"wp","href":"https:\/\/api.w.org\/{rel}","templated":true}]}}