{"id":128908,"date":"2025-10-10T09:19:04","date_gmt":"2025-10-10T09:19:04","guid":{"rendered":"https:\/\/casafreitas.pt\/loja\/produto\/forno-eletrico-ad-6026-1800-w-48-l\/"},"modified":"2025-10-24T07:22:14","modified_gmt":"2025-10-24T07:22:14","slug":"forno-eletrico-ad-6026-1800-w-48-l","status":"publish","type":"product","link":"https:\/\/casafreitas.pt\/loja\/produto\/forno-eletrico-ad-6026-1800-w-48-l\/","title":{"rendered":"Forno el\u00e9trico ad 6026 1800 w 48 l"},"content":{"rendered":"","protected":false},"excerpt":{"rendered":"<p>Forno el\u00e9trico ad 6026, 1800 w, 48 l; 2 fun\u00e7\u00f5es: convec\u00e7\u00e3o e assar; controle de temperatura de 90 a 230\u00b0c, temporizador at\u00e9 60 min com sinal sonoro, feito de a\u00e7o inoxid\u00e1vel; 5 modos de cozedura: resist\u00eancia superior + inferior + convec\u00e7\u00e3o, superior + convec\u00e7\u00e3o, superior + inferior, superior + assar, superior + inferior + assar + convec\u00e7\u00e3o; ilumina\u00e7\u00e3o interior, porta de vidro temperado duplo; acess\u00f3rios: grelha para cozedura, tabuleiro para cozedura, al\u00e7a para tabuleiro, assador para tabuleiro e espeto; cabo 92 cm; 220-240 v ~50\/60 hz; dimens\u00f5es externas 57,1 x 43,0 x 36,9 cm, internas 42,5 x 36 x 30 cm<\/p>\n","protected":false},"featured_media":128907,"comment_status":"open","ping_status":"closed","template":"","meta":[],"product_brand":[],"product_cat":[17408,8800],"product_tag":[12321],"class_list":{"0":"post-128908","1":"product","2":"type-product","3":"status-publish","4":"has-post-thumbnail","6":"product_cat-microondas-fornos-pequenos-domesticos","7":"product_cat-pequenos-domesticos","8":"product_tag-adler","10":"first","11":"instock","12":"taxable","13":"shipping-taxable","14":"purchasable","15":"product-type-simple"},"_links":{"self":[{"href":"https:\/\/casafreitas.pt\/loja\/wp-json\/wp\/v2\/product\/128908","targetHints":{"allow":["GET"]}}],"collection":[{"href":"https:\/\/casafreitas.pt\/loja\/wp-json\/wp\/v2\/product"}],"about":[{"href":"https:\/\/casafreitas.pt\/loja\/wp-json\/wp\/v2\/types\/product"}],"replies":[{"embeddable":true,"href":"https:\/\/casafreitas.pt\/loja\/wp-json\/wp\/v2\/comments?post=128908"}],"version-history":[{"count":1,"href":"https:\/\/casafreitas.pt\/loja\/wp-json\/wp\/v2\/product\/128908\/revisions"}],"predecessor-version":[{"id":128909,"href":"https:\/\/casafreitas.pt\/loja\/wp-json\/wp\/v2\/product\/128908\/revisions\/128909"}],"wp:featuredmedia":[{"embeddable":true,"href":"https:\/\/casafreitas.pt\/loja\/wp-json\/wp\/v2\/media\/128907"}],"wp:attachment":[{"href":"https:\/\/casafreitas.pt\/loja\/wp-json\/wp\/v2\/media?parent=128908"}],"wp:term":[{"taxonomy":"product_brand","embeddable":true,"href":"https:\/\/casafreitas.pt\/loja\/wp-json\/wp\/v2\/product_brand?post=128908"},{"taxonomy":"product_cat","embeddable":true,"href":"https:\/\/casafreitas.pt\/loja\/wp-json\/wp\/v2\/product_cat?post=128908"},{"taxonomy":"product_tag","embeddable":true,"href":"https:\/\/casafreitas.pt\/loja\/wp-json\/wp\/v2\/product_tag?post=128908"}],"curies":[{"name":"wp","href":"https:\/\/api.w.org\/{rel}","templated":true}]}}