{"id":128902,"date":"2025-10-10T09:18:08","date_gmt":"2025-10-10T09:18:08","guid":{"rendered":"https:\/\/casafreitas.pt\/loja\/produto\/aspirador-industrial-cr-7045-3400-w-com-tomada\/"},"modified":"2025-10-24T07:22:14","modified_gmt":"2025-10-24T07:22:14","slug":"aspirador-industrial-cr-7045-3400-w-com-tomada","status":"publish","type":"product","link":"https:\/\/casafreitas.pt\/loja\/produto\/aspirador-industrial-cr-7045-3400-w-com-tomada\/","title":{"rendered":"Aspirador industrial cr 7045 3400 w com tomada"},"content":{"rendered":"","protected":false},"excerpt":{"rendered":"<p>Aspirador industrial 3400 w, cr 7045, com tomada el\u00e9trica; aspira seco, h\u00famido e sopro, 6 fun\u00e7\u00f5es (grandes superf\u00edcies de piso, carro\/m\u00f3veis estofados, cinzas at\u00e9 45\u00b0c, p\u00f3 de constru\u00e7\u00e3o, lama\/p\u00f3 h\u00famido\/areia molhada e sopro); alcance de trabalho 19 m, dep\u00f3sito de inox 25 l com tampa de drenagem, fluxo de ar 36 l\/seg, for\u00e7a de suc\u00e7\u00e3o 20 kpa, base remov\u00edvel com 4 rodas; acess\u00f3rios: tubo telesc\u00f3pico de a\u00e7o, mangueira de pl\u00e1stico 2,5 m, mangueira ign\u00edfuga 1,5 m com tubo de alum\u00ednio 23 cm para cinzas, 5 escovas: 3 para estofos, 2 para pisos h\u00famido\/seco dom\u00e9stico e industrial; 4 filtros: 1 hepa lav\u00e1vel para seco, 1 algod\u00e3o ign\u00edfugo, 1 saco de papel 25 l, 1 de esponja lav\u00e1vel; pot\u00eancia nominal 1200 w, tomada at\u00e9 2000 w; 220-240 v ~50\/60 hz; 82 db; \u00f840 x 55 cm<\/p>\n","protected":false},"featured_media":128901,"comment_status":"open","ping_status":"closed","template":"","meta":[],"product_brand":[],"product_cat":[17420,11488],"product_tag":[12325],"class_list":{"0":"post-128902","1":"product","2":"type-product","3":"status-publish","4":"has-post-thumbnail","6":"product_cat-aspiradores-sopradores-ferramentas","7":"product_cat-ferramentas","8":"product_tag-camry","10":"first","11":"instock","12":"taxable","13":"shipping-taxable","14":"purchasable","15":"product-type-simple"},"_links":{"self":[{"href":"https:\/\/casafreitas.pt\/loja\/wp-json\/wp\/v2\/product\/128902","targetHints":{"allow":["GET"]}}],"collection":[{"href":"https:\/\/casafreitas.pt\/loja\/wp-json\/wp\/v2\/product"}],"about":[{"href":"https:\/\/casafreitas.pt\/loja\/wp-json\/wp\/v2\/types\/product"}],"replies":[{"embeddable":true,"href":"https:\/\/casafreitas.pt\/loja\/wp-json\/wp\/v2\/comments?post=128902"}],"version-history":[{"count":1,"href":"https:\/\/casafreitas.pt\/loja\/wp-json\/wp\/v2\/product\/128902\/revisions"}],"predecessor-version":[{"id":128903,"href":"https:\/\/casafreitas.pt\/loja\/wp-json\/wp\/v2\/product\/128902\/revisions\/128903"}],"wp:featuredmedia":[{"embeddable":true,"href":"https:\/\/casafreitas.pt\/loja\/wp-json\/wp\/v2\/media\/128901"}],"wp:attachment":[{"href":"https:\/\/casafreitas.pt\/loja\/wp-json\/wp\/v2\/media?parent=128902"}],"wp:term":[{"taxonomy":"product_brand","embeddable":true,"href":"https:\/\/casafreitas.pt\/loja\/wp-json\/wp\/v2\/product_brand?post=128902"},{"taxonomy":"product_cat","embeddable":true,"href":"https:\/\/casafreitas.pt\/loja\/wp-json\/wp\/v2\/product_cat?post=128902"},{"taxonomy":"product_tag","embeddable":true,"href":"https:\/\/casafreitas.pt\/loja\/wp-json\/wp\/v2\/product_tag?post=128902"}],"curies":[{"name":"wp","href":"https:\/\/api.w.org\/{rel}","templated":true}]}}