{"id":127725,"date":"2025-10-08T18:53:45","date_gmt":"2025-10-08T18:53:45","guid":{"rendered":"https:\/\/casafreitas.pt\/loja\/produto\/cadeado-col-combi30-preto-30mm-aco-o5mm-com-combinacao-ifam\/"},"modified":"2025-10-24T07:20:51","modified_gmt":"2025-10-24T07:20:51","slug":"cadeado-col-combi30-preto-30mm-aco-o5mm-com-combinacao-ifam","status":"publish","type":"product","link":"https:\/\/casafreitas.pt\/loja\/produto\/cadeado-col-combi30-preto-30mm-aco-o5mm-com-combinacao-ifam\/","title":{"rendered":"Cadeado col combi30 preto 30mm. a\u00e7o \u00f85mm. com combina\u00e7\u00e3o ifam"},"content":{"rendered":"","protected":false},"excerpt":{"rendered":"<p>Cadeado col combi30 preto 30mm. a\u00e7o \u00f85mm com combina\u00e7\u00e3o. corpo fabricado em alum\u00ednio, arco fabricado em a\u00e7o cromado, ifam<\/p>\n","protected":false},"featured_media":127724,"comment_status":"open","ping_status":"closed","template":"","meta":[],"product_brand":[],"product_cat":[17562,18004],"product_tag":[],"class_list":{"0":"post-127725","1":"product","2":"type-product","3":"status-publish","4":"has-post-thumbnail","6":"product_cat-fechaduras-de-combinacao-construcao","7":"product_cat-construcao","9":"first","10":"instock","11":"taxable","12":"shipping-taxable","13":"purchasable","14":"product-type-simple"},"_links":{"self":[{"href":"https:\/\/casafreitas.pt\/loja\/wp-json\/wp\/v2\/product\/127725","targetHints":{"allow":["GET"]}}],"collection":[{"href":"https:\/\/casafreitas.pt\/loja\/wp-json\/wp\/v2\/product"}],"about":[{"href":"https:\/\/casafreitas.pt\/loja\/wp-json\/wp\/v2\/types\/product"}],"replies":[{"embeddable":true,"href":"https:\/\/casafreitas.pt\/loja\/wp-json\/wp\/v2\/comments?post=127725"}],"version-history":[{"count":1,"href":"https:\/\/casafreitas.pt\/loja\/wp-json\/wp\/v2\/product\/127725\/revisions"}],"predecessor-version":[{"id":127726,"href":"https:\/\/casafreitas.pt\/loja\/wp-json\/wp\/v2\/product\/127725\/revisions\/127726"}],"wp:featuredmedia":[{"embeddable":true,"href":"https:\/\/casafreitas.pt\/loja\/wp-json\/wp\/v2\/media\/127724"}],"wp:attachment":[{"href":"https:\/\/casafreitas.pt\/loja\/wp-json\/wp\/v2\/media?parent=127725"}],"wp:term":[{"taxonomy":"product_brand","embeddable":true,"href":"https:\/\/casafreitas.pt\/loja\/wp-json\/wp\/v2\/product_brand?post=127725"},{"taxonomy":"product_cat","embeddable":true,"href":"https:\/\/casafreitas.pt\/loja\/wp-json\/wp\/v2\/product_cat?post=127725"},{"taxonomy":"product_tag","embeddable":true,"href":"https:\/\/casafreitas.pt\/loja\/wp-json\/wp\/v2\/product_tag?post=127725"}],"curies":[{"name":"wp","href":"https:\/\/api.w.org\/{rel}","templated":true}]}}