{"id":127641,"date":"2025-10-08T18:40:04","date_gmt":"2025-10-08T18:40:04","guid":{"rendered":"https:\/\/casafreitas.pt\/loja\/produto\/escudo-es610l-acabamento-em-latao-o64mm-ifam\/"},"modified":"2025-10-24T07:20:45","modified_gmt":"2025-10-24T07:20:45","slug":"escudo-es610l-acabamento-em-latao-o64mm-ifam","status":"publish","type":"product","link":"https:\/\/casafreitas.pt\/loja\/produto\/escudo-es610l-acabamento-em-latao-o64mm-ifam\/","title":{"rendered":"Escudo es610l acabamento em lat\u00e3o. \u00f864mm. ifam"},"content":{"rendered":"","protected":false},"excerpt":{"rendered":"<p>Escudo es610l acabamento em lat\u00e3o. \u00f864mm. com nucleo refor\u00e7ado com placas de a\u00e7o que impede os ataques com berbequim. al\u00e9m disso, este escudo contem prote\u00e7\u00e3o anti-morda\u00e7a e anti-extra\u00e7\u00e3o. acabamento lat\u00e3o ifam<\/p>\n","protected":false},"featured_media":127640,"comment_status":"open","ping_status":"closed","template":"","meta":[],"product_brand":[],"product_cat":[17553,18004],"product_tag":[],"class_list":{"0":"post-127641","1":"product","2":"type-product","3":"status-publish","4":"has-post-thumbnail","6":"product_cat-escudos-buracos-de-chave-construcao","7":"product_cat-construcao","9":"first","10":"instock","11":"taxable","12":"shipping-taxable","13":"purchasable","14":"product-type-simple"},"_links":{"self":[{"href":"https:\/\/casafreitas.pt\/loja\/wp-json\/wp\/v2\/product\/127641","targetHints":{"allow":["GET"]}}],"collection":[{"href":"https:\/\/casafreitas.pt\/loja\/wp-json\/wp\/v2\/product"}],"about":[{"href":"https:\/\/casafreitas.pt\/loja\/wp-json\/wp\/v2\/types\/product"}],"replies":[{"embeddable":true,"href":"https:\/\/casafreitas.pt\/loja\/wp-json\/wp\/v2\/comments?post=127641"}],"version-history":[{"count":1,"href":"https:\/\/casafreitas.pt\/loja\/wp-json\/wp\/v2\/product\/127641\/revisions"}],"predecessor-version":[{"id":127642,"href":"https:\/\/casafreitas.pt\/loja\/wp-json\/wp\/v2\/product\/127641\/revisions\/127642"}],"wp:featuredmedia":[{"embeddable":true,"href":"https:\/\/casafreitas.pt\/loja\/wp-json\/wp\/v2\/media\/127640"}],"wp:attachment":[{"href":"https:\/\/casafreitas.pt\/loja\/wp-json\/wp\/v2\/media?parent=127641"}],"wp:term":[{"taxonomy":"product_brand","embeddable":true,"href":"https:\/\/casafreitas.pt\/loja\/wp-json\/wp\/v2\/product_brand?post=127641"},{"taxonomy":"product_cat","embeddable":true,"href":"https:\/\/casafreitas.pt\/loja\/wp-json\/wp\/v2\/product_cat?post=127641"},{"taxonomy":"product_tag","embeddable":true,"href":"https:\/\/casafreitas.pt\/loja\/wp-json\/wp\/v2\/product_tag?post=127641"}],"curies":[{"name":"wp","href":"https:\/\/api.w.org\/{rel}","templated":true}]}}