{"id":127467,"date":"2025-10-08T18:11:27","date_gmt":"2025-10-08T18:11:27","guid":{"rendered":"https:\/\/casafreitas.pt\/loja\/produto\/cadeado-combinacao-preto-30mm-715-30-abus\/"},"modified":"2025-10-24T07:20:31","modified_gmt":"2025-10-24T07:20:31","slug":"cadeado-combinacao-preto-30mm-715-30-abus","status":"publish","type":"product","link":"https:\/\/casafreitas.pt\/loja\/produto\/cadeado-combinacao-preto-30mm-715-30-abus\/","title":{"rendered":"Cadeado combina\u00e7\u00e3o preto 30mm 715\/30 abus"},"content":{"rendered":"","protected":false},"excerpt":{"rendered":"<p>Cadeado combina\u00e7\u00e3o preto 30mm 715\/30 abus. corpo s\u00f3lido de zinco fundido, arco de a\u00e7o endurecido e c\u00f3dido program\u00e1vel de 4 d\u00edgitos. medida do corpo 30mm<\/p>\n","protected":false},"featured_media":127466,"comment_status":"open","ping_status":"closed","template":"","meta":[],"product_brand":[],"product_cat":[17562,18004],"product_tag":[],"class_list":{"0":"post-127467","1":"product","2":"type-product","3":"status-publish","4":"has-post-thumbnail","6":"product_cat-fechaduras-de-combinacao-construcao","7":"product_cat-construcao","9":"first","10":"instock","11":"taxable","12":"shipping-taxable","13":"purchasable","14":"product-type-simple"},"_links":{"self":[{"href":"https:\/\/casafreitas.pt\/loja\/wp-json\/wp\/v2\/product\/127467","targetHints":{"allow":["GET"]}}],"collection":[{"href":"https:\/\/casafreitas.pt\/loja\/wp-json\/wp\/v2\/product"}],"about":[{"href":"https:\/\/casafreitas.pt\/loja\/wp-json\/wp\/v2\/types\/product"}],"replies":[{"embeddable":true,"href":"https:\/\/casafreitas.pt\/loja\/wp-json\/wp\/v2\/comments?post=127467"}],"version-history":[{"count":1,"href":"https:\/\/casafreitas.pt\/loja\/wp-json\/wp\/v2\/product\/127467\/revisions"}],"predecessor-version":[{"id":127468,"href":"https:\/\/casafreitas.pt\/loja\/wp-json\/wp\/v2\/product\/127467\/revisions\/127468"}],"wp:featuredmedia":[{"embeddable":true,"href":"https:\/\/casafreitas.pt\/loja\/wp-json\/wp\/v2\/media\/127466"}],"wp:attachment":[{"href":"https:\/\/casafreitas.pt\/loja\/wp-json\/wp\/v2\/media?parent=127467"}],"wp:term":[{"taxonomy":"product_brand","embeddable":true,"href":"https:\/\/casafreitas.pt\/loja\/wp-json\/wp\/v2\/product_brand?post=127467"},{"taxonomy":"product_cat","embeddable":true,"href":"https:\/\/casafreitas.pt\/loja\/wp-json\/wp\/v2\/product_cat?post=127467"},{"taxonomy":"product_tag","embeddable":true,"href":"https:\/\/casafreitas.pt\/loja\/wp-json\/wp\/v2\/product_tag?post=127467"}],"curies":[{"name":"wp","href":"https:\/\/api.w.org\/{rel}","templated":true}]}}