{"id":127440,"date":"2025-10-08T18:04:30","date_gmt":"2025-10-08T18:04:30","guid":{"rendered":"https:\/\/casafreitas.pt\/loja\/produto\/cilindro-perfil-europeu-chave-pontos-latao-dupla-embraiagem-30-40mm-d66-mm-30-40-abus\/"},"modified":"2025-10-24T07:20:29","modified_gmt":"2025-10-24T07:20:29","slug":"cilindro-perfil-europeu-chave-pontos-latao-dupla-embraiagem-30-40mm-d66-mm-30-40-abus","status":"publish","type":"product","link":"https:\/\/casafreitas.pt\/loja\/produto\/cilindro-perfil-europeu-chave-pontos-latao-dupla-embraiagem-30-40mm-d66-mm-30-40-abus\/","title":{"rendered":"Cilindro perfil europeu chave pontos lat\u00e3o e dupla embraiagem 30\/40mm &#8211; d66 mm 30\/40 abus"},"content":{"rendered":"","protected":false},"excerpt":{"rendered":"<p>Cilindro perfil europeu chave pontos lat\u00e3o e dupla embraiagem 30\/40mm &#8211; d66 mm 30\/40 abus. lingueta comprida. inclui 5 chaves de pontos, pode fazer c\u00f3pias das mesmas, refer\u00eancia silca ab48 (edm ref.12028). cilindro para porta com chave de pontos revers\u00edveis com rotura programada (pre-snap) e dupla embraiagem. cilindro duplo de perfil europeu.<\/p>\n","protected":false},"featured_media":127439,"comment_status":"open","ping_status":"closed","template":"","meta":[],"product_brand":[],"product_cat":[17535,18004],"product_tag":[],"class_list":{"0":"post-127440","1":"product","2":"type-product","3":"status-publish","4":"has-post-thumbnail","6":"product_cat-cilindros-de-fechadura-construcao","7":"product_cat-construcao","9":"first","10":"instock","11":"taxable","12":"shipping-taxable","13":"purchasable","14":"product-type-simple"},"_links":{"self":[{"href":"https:\/\/casafreitas.pt\/loja\/wp-json\/wp\/v2\/product\/127440","targetHints":{"allow":["GET"]}}],"collection":[{"href":"https:\/\/casafreitas.pt\/loja\/wp-json\/wp\/v2\/product"}],"about":[{"href":"https:\/\/casafreitas.pt\/loja\/wp-json\/wp\/v2\/types\/product"}],"replies":[{"embeddable":true,"href":"https:\/\/casafreitas.pt\/loja\/wp-json\/wp\/v2\/comments?post=127440"}],"version-history":[{"count":1,"href":"https:\/\/casafreitas.pt\/loja\/wp-json\/wp\/v2\/product\/127440\/revisions"}],"predecessor-version":[{"id":127441,"href":"https:\/\/casafreitas.pt\/loja\/wp-json\/wp\/v2\/product\/127440\/revisions\/127441"}],"wp:featuredmedia":[{"embeddable":true,"href":"https:\/\/casafreitas.pt\/loja\/wp-json\/wp\/v2\/media\/127439"}],"wp:attachment":[{"href":"https:\/\/casafreitas.pt\/loja\/wp-json\/wp\/v2\/media?parent=127440"}],"wp:term":[{"taxonomy":"product_brand","embeddable":true,"href":"https:\/\/casafreitas.pt\/loja\/wp-json\/wp\/v2\/product_brand?post=127440"},{"taxonomy":"product_cat","embeddable":true,"href":"https:\/\/casafreitas.pt\/loja\/wp-json\/wp\/v2\/product_cat?post=127440"},{"taxonomy":"product_tag","embeddable":true,"href":"https:\/\/casafreitas.pt\/loja\/wp-json\/wp\/v2\/product_tag?post=127440"}],"curies":[{"name":"wp","href":"https:\/\/api.w.org\/{rel}","templated":true}]}}