{"id":127107,"date":"2025-10-08T17:11:08","date_gmt":"2025-10-08T17:11:08","guid":{"rendered":"https:\/\/casafreitas.pt\/loja\/produto\/cadeado-em-latao-arco-normal-50-mm\/"},"modified":"2025-10-24T07:19:57","modified_gmt":"2025-10-24T07:19:57","slug":"cadeado-em-latao-arco-normal-50-mm","status":"publish","type":"product","link":"https:\/\/casafreitas.pt\/loja\/produto\/cadeado-em-latao-arco-normal-50-mm\/","title":{"rendered":"Cadeado em latao arco normal 50 mm"},"content":{"rendered":"","protected":false},"excerpt":{"rendered":"<p>Cadeado de lat\u00e3o de arco longo com 3 chaves inclu\u00eddas, medidas do cadeado: 50 x 15 x 40 mm, medidas do arco: \u00f88 mm 28 x 31 mm, cor ouro e cromado<\/p>\n","protected":false},"featured_media":127106,"comment_status":"open","ping_status":"closed","template":"","meta":[],"product_brand":[],"product_cat":[17529,18004],"product_tag":[],"class_list":{"0":"post-127107","1":"product","2":"type-product","3":"status-publish","4":"has-post-thumbnail","6":"product_cat-cadeados-porta-de-cadeado-construcao","7":"product_cat-construcao","9":"first","10":"instock","11":"taxable","12":"shipping-taxable","13":"purchasable","14":"product-type-simple"},"_links":{"self":[{"href":"https:\/\/casafreitas.pt\/loja\/wp-json\/wp\/v2\/product\/127107","targetHints":{"allow":["GET"]}}],"collection":[{"href":"https:\/\/casafreitas.pt\/loja\/wp-json\/wp\/v2\/product"}],"about":[{"href":"https:\/\/casafreitas.pt\/loja\/wp-json\/wp\/v2\/types\/product"}],"replies":[{"embeddable":true,"href":"https:\/\/casafreitas.pt\/loja\/wp-json\/wp\/v2\/comments?post=127107"}],"version-history":[{"count":1,"href":"https:\/\/casafreitas.pt\/loja\/wp-json\/wp\/v2\/product\/127107\/revisions"}],"predecessor-version":[{"id":127108,"href":"https:\/\/casafreitas.pt\/loja\/wp-json\/wp\/v2\/product\/127107\/revisions\/127108"}],"wp:featuredmedia":[{"embeddable":true,"href":"https:\/\/casafreitas.pt\/loja\/wp-json\/wp\/v2\/media\/127106"}],"wp:attachment":[{"href":"https:\/\/casafreitas.pt\/loja\/wp-json\/wp\/v2\/media?parent=127107"}],"wp:term":[{"taxonomy":"product_brand","embeddable":true,"href":"https:\/\/casafreitas.pt\/loja\/wp-json\/wp\/v2\/product_brand?post=127107"},{"taxonomy":"product_cat","embeddable":true,"href":"https:\/\/casafreitas.pt\/loja\/wp-json\/wp\/v2\/product_cat?post=127107"},{"taxonomy":"product_tag","embeddable":true,"href":"https:\/\/casafreitas.pt\/loja\/wp-json\/wp\/v2\/product_tag?post=127107"}],"curies":[{"name":"wp","href":"https:\/\/api.w.org\/{rel}","templated":true}]}}