{"id":127041,"date":"2025-10-08T17:00:10","date_gmt":"2025-10-08T17:00:10","guid":{"rendered":"https:\/\/casafreitas.pt\/loja\/produto\/cilindro-60-mm-3030-mm-niquelado-curto-cam-r13-com-3-chaves-bloqueio-incluidas\/"},"modified":"2025-10-24T07:19:52","modified_gmt":"2025-10-24T07:19:52","slug":"cilindro-60-mm-3030-mm-niquelado-curto-cam-r13-com-3-chaves-bloqueio-incluidas","status":"publish","type":"product","link":"https:\/\/casafreitas.pt\/loja\/produto\/cilindro-60-mm-3030-mm-niquelado-curto-cam-r13-com-3-chaves-bloqueio-incluidas\/","title":{"rendered":"Cilindro 60 mm (30+30 mm) niquelado curto cam r13 com 3 chaves de bloqueio inclu\u00eddas"},"content":{"rendered":"","protected":false},"excerpt":{"rendered":"<p>Cilindro de n\u00edquel 60 mm (30+30 mm) r13 cam curto com 3 chaves de bloqueio inclu\u00eddas<\/p>\n","protected":false},"featured_media":127040,"comment_status":"open","ping_status":"closed","template":"","meta":[],"product_brand":[],"product_cat":[17535,18004],"product_tag":[],"class_list":{"0":"post-127041","1":"product","2":"type-product","3":"status-publish","4":"has-post-thumbnail","6":"product_cat-cilindros-de-fechadura-construcao","7":"product_cat-construcao","9":"first","10":"instock","11":"taxable","12":"shipping-taxable","13":"purchasable","14":"product-type-simple"},"_links":{"self":[{"href":"https:\/\/casafreitas.pt\/loja\/wp-json\/wp\/v2\/product\/127041","targetHints":{"allow":["GET"]}}],"collection":[{"href":"https:\/\/casafreitas.pt\/loja\/wp-json\/wp\/v2\/product"}],"about":[{"href":"https:\/\/casafreitas.pt\/loja\/wp-json\/wp\/v2\/types\/product"}],"replies":[{"embeddable":true,"href":"https:\/\/casafreitas.pt\/loja\/wp-json\/wp\/v2\/comments?post=127041"}],"version-history":[{"count":1,"href":"https:\/\/casafreitas.pt\/loja\/wp-json\/wp\/v2\/product\/127041\/revisions"}],"predecessor-version":[{"id":127042,"href":"https:\/\/casafreitas.pt\/loja\/wp-json\/wp\/v2\/product\/127041\/revisions\/127042"}],"wp:featuredmedia":[{"embeddable":true,"href":"https:\/\/casafreitas.pt\/loja\/wp-json\/wp\/v2\/media\/127040"}],"wp:attachment":[{"href":"https:\/\/casafreitas.pt\/loja\/wp-json\/wp\/v2\/media?parent=127041"}],"wp:term":[{"taxonomy":"product_brand","embeddable":true,"href":"https:\/\/casafreitas.pt\/loja\/wp-json\/wp\/v2\/product_brand?post=127041"},{"taxonomy":"product_cat","embeddable":true,"href":"https:\/\/casafreitas.pt\/loja\/wp-json\/wp\/v2\/product_cat?post=127041"},{"taxonomy":"product_tag","embeddable":true,"href":"https:\/\/casafreitas.pt\/loja\/wp-json\/wp\/v2\/product_tag?post=127041"}],"curies":[{"name":"wp","href":"https:\/\/api.w.org\/{rel}","templated":true}]}}