{"id":127032,"date":"2025-10-08T16:58:43","date_gmt":"2025-10-08T16:58:43","guid":{"rendered":"https:\/\/casafreitas.pt\/loja\/produto\/cilindro-60mm-3030mm-niquelado-long-cam-r15-com-5-chaves-seguranca-incluidas\/"},"modified":"2025-10-24T07:19:51","modified_gmt":"2025-10-24T07:19:51","slug":"cilindro-60mm-3030mm-niquelado-long-cam-r15-com-5-chaves-seguranca-incluidas","status":"publish","type":"product","link":"https:\/\/casafreitas.pt\/loja\/produto\/cilindro-60mm-3030mm-niquelado-long-cam-r15-com-5-chaves-seguranca-incluidas\/","title":{"rendered":"Cilindro 60mm (30+30mm) niquelado long cam r15 com 5 chaves de seguran\u00e7a inclu\u00eddas"},"content":{"rendered":"","protected":false},"excerpt":{"rendered":"<p>Cilindro de n\u00edquel 60mm (30+30mm) r15 long cam com 5 chaves de seguran\u00e7a inclu\u00eddas<\/p>\n","protected":false},"featured_media":127031,"comment_status":"open","ping_status":"closed","template":"","meta":[],"product_brand":[],"product_cat":[17535,18004],"product_tag":[],"class_list":{"0":"post-127032","1":"product","2":"type-product","3":"status-publish","4":"has-post-thumbnail","6":"product_cat-cilindros-de-fechadura-construcao","7":"product_cat-construcao","9":"first","10":"instock","11":"taxable","12":"shipping-taxable","13":"purchasable","14":"product-type-simple"},"_links":{"self":[{"href":"https:\/\/casafreitas.pt\/loja\/wp-json\/wp\/v2\/product\/127032","targetHints":{"allow":["GET"]}}],"collection":[{"href":"https:\/\/casafreitas.pt\/loja\/wp-json\/wp\/v2\/product"}],"about":[{"href":"https:\/\/casafreitas.pt\/loja\/wp-json\/wp\/v2\/types\/product"}],"replies":[{"embeddable":true,"href":"https:\/\/casafreitas.pt\/loja\/wp-json\/wp\/v2\/comments?post=127032"}],"version-history":[{"count":1,"href":"https:\/\/casafreitas.pt\/loja\/wp-json\/wp\/v2\/product\/127032\/revisions"}],"predecessor-version":[{"id":127033,"href":"https:\/\/casafreitas.pt\/loja\/wp-json\/wp\/v2\/product\/127032\/revisions\/127033"}],"wp:featuredmedia":[{"embeddable":true,"href":"https:\/\/casafreitas.pt\/loja\/wp-json\/wp\/v2\/media\/127031"}],"wp:attachment":[{"href":"https:\/\/casafreitas.pt\/loja\/wp-json\/wp\/v2\/media?parent=127032"}],"wp:term":[{"taxonomy":"product_brand","embeddable":true,"href":"https:\/\/casafreitas.pt\/loja\/wp-json\/wp\/v2\/product_brand?post=127032"},{"taxonomy":"product_cat","embeddable":true,"href":"https:\/\/casafreitas.pt\/loja\/wp-json\/wp\/v2\/product_cat?post=127032"},{"taxonomy":"product_tag","embeddable":true,"href":"https:\/\/casafreitas.pt\/loja\/wp-json\/wp\/v2\/product_tag?post=127032"}],"curies":[{"name":"wp","href":"https:\/\/api.w.org\/{rel}","templated":true}]}}