{"id":126912,"date":"2025-10-08T16:38:49","date_gmt":"2025-10-08T16:38:49","guid":{"rendered":"https:\/\/casafreitas.pt\/loja\/produto\/regulador-gas-para-campingaz-nao-giratorio\/"},"modified":"2025-10-24T07:19:45","modified_gmt":"2025-10-24T07:19:45","slug":"regulador-gas-para-campingaz-nao-giratorio","status":"publish","type":"product","link":"https:\/\/casafreitas.pt\/loja\/produto\/regulador-gas-para-campingaz-nao-giratorio\/","title":{"rendered":"Regulador de gas para campingaz n\u00e3o giratorio"},"content":{"rendered":"","protected":false},"excerpt":{"rendered":"<p>Regulador de g\u00e1s n\u00e3o rotativo (para garrafas azuis, gpl) com v\u00e1lvula anti-fugas, press\u00e3o de sa\u00edda 30 mbar (caudal m\u00e1ximo de sa\u00edda 1500 g\/h). liga\u00e7\u00e3o de entrada m14, m16.7 \/ 16&#8243;; liga\u00e7\u00e3o de sa\u00edda en 161.29<\/p>\n","protected":false},"featured_media":126911,"comment_status":"open","ping_status":"closed","template":"","meta":[],"product_brand":[],"product_cat":[2364,17374],"product_tag":[],"class_list":{"0":"post-126912","1":"product","2":"type-product","3":"status-publish","4":"has-post-thumbnail","6":"product_cat-climatizacao","7":"product_cat-reguladores-de-gas-climatizacao","9":"first","10":"instock","11":"taxable","12":"shipping-taxable","13":"purchasable","14":"product-type-simple"},"_links":{"self":[{"href":"https:\/\/casafreitas.pt\/loja\/wp-json\/wp\/v2\/product\/126912","targetHints":{"allow":["GET"]}}],"collection":[{"href":"https:\/\/casafreitas.pt\/loja\/wp-json\/wp\/v2\/product"}],"about":[{"href":"https:\/\/casafreitas.pt\/loja\/wp-json\/wp\/v2\/types\/product"}],"replies":[{"embeddable":true,"href":"https:\/\/casafreitas.pt\/loja\/wp-json\/wp\/v2\/comments?post=126912"}],"version-history":[{"count":1,"href":"https:\/\/casafreitas.pt\/loja\/wp-json\/wp\/v2\/product\/126912\/revisions"}],"predecessor-version":[{"id":126913,"href":"https:\/\/casafreitas.pt\/loja\/wp-json\/wp\/v2\/product\/126912\/revisions\/126913"}],"wp:featuredmedia":[{"embeddable":true,"href":"https:\/\/casafreitas.pt\/loja\/wp-json\/wp\/v2\/media\/126911"}],"wp:attachment":[{"href":"https:\/\/casafreitas.pt\/loja\/wp-json\/wp\/v2\/media?parent=126912"}],"wp:term":[{"taxonomy":"product_brand","embeddable":true,"href":"https:\/\/casafreitas.pt\/loja\/wp-json\/wp\/v2\/product_brand?post=126912"},{"taxonomy":"product_cat","embeddable":true,"href":"https:\/\/casafreitas.pt\/loja\/wp-json\/wp\/v2\/product_cat?post=126912"},{"taxonomy":"product_tag","embeddable":true,"href":"https:\/\/casafreitas.pt\/loja\/wp-json\/wp\/v2\/product_tag?post=126912"}],"curies":[{"name":"wp","href":"https:\/\/api.w.org\/{rel}","templated":true}]}}