{"id":126900,"date":"2025-10-08T16:36:54","date_gmt":"2025-10-08T16:36:54","guid":{"rendered":"https:\/\/casafreitas.pt\/loja\/produto\/regulador-gas-propano-saida-livre-com-valvula-anti-retorno\/"},"modified":"2025-10-24T07:19:44","modified_gmt":"2025-10-24T07:19:44","slug":"regulador-gas-propano-saida-livre-com-valvula-anti-retorno","status":"publish","type":"product","link":"https:\/\/casafreitas.pt\/loja\/produto\/regulador-gas-propano-saida-livre-com-valvula-anti-retorno\/","title":{"rendered":"Regulador de g\u00e1s propano de sa\u00edda livre com v\u00e1lvula anti-retorno"},"content":{"rendered":"","protected":false},"excerpt":{"rendered":"<p>Regulador de g\u00e1s propano de sa\u00edda livre com v\u00e1lvula anti-retorno, rosca m 3\/8&#8243; i<\/p>\n","protected":false},"featured_media":126899,"comment_status":"open","ping_status":"closed","template":"","meta":[],"product_brand":[],"product_cat":[2364,17374],"product_tag":[],"class_list":{"0":"post-126900","1":"product","2":"type-product","3":"status-publish","4":"has-post-thumbnail","6":"product_cat-climatizacao","7":"product_cat-reguladores-de-gas-climatizacao","9":"first","10":"instock","11":"taxable","12":"shipping-taxable","13":"purchasable","14":"product-type-simple"},"_links":{"self":[{"href":"https:\/\/casafreitas.pt\/loja\/wp-json\/wp\/v2\/product\/126900","targetHints":{"allow":["GET"]}}],"collection":[{"href":"https:\/\/casafreitas.pt\/loja\/wp-json\/wp\/v2\/product"}],"about":[{"href":"https:\/\/casafreitas.pt\/loja\/wp-json\/wp\/v2\/types\/product"}],"replies":[{"embeddable":true,"href":"https:\/\/casafreitas.pt\/loja\/wp-json\/wp\/v2\/comments?post=126900"}],"version-history":[{"count":1,"href":"https:\/\/casafreitas.pt\/loja\/wp-json\/wp\/v2\/product\/126900\/revisions"}],"predecessor-version":[{"id":126901,"href":"https:\/\/casafreitas.pt\/loja\/wp-json\/wp\/v2\/product\/126900\/revisions\/126901"}],"wp:featuredmedia":[{"embeddable":true,"href":"https:\/\/casafreitas.pt\/loja\/wp-json\/wp\/v2\/media\/126899"}],"wp:attachment":[{"href":"https:\/\/casafreitas.pt\/loja\/wp-json\/wp\/v2\/media?parent=126900"}],"wp:term":[{"taxonomy":"product_brand","embeddable":true,"href":"https:\/\/casafreitas.pt\/loja\/wp-json\/wp\/v2\/product_brand?post=126900"},{"taxonomy":"product_cat","embeddable":true,"href":"https:\/\/casafreitas.pt\/loja\/wp-json\/wp\/v2\/product_cat?post=126900"},{"taxonomy":"product_tag","embeddable":true,"href":"https:\/\/casafreitas.pt\/loja\/wp-json\/wp\/v2\/product_tag?post=126900"}],"curies":[{"name":"wp","href":"https:\/\/api.w.org\/{rel}","templated":true}]}}