{"id":126894,"date":"2025-10-08T16:35:54","date_gmt":"2025-10-08T16:35:54","guid":{"rendered":"https:\/\/casafreitas.pt\/loja\/produto\/cartucho-romassgas-rosca-us-1-seh024600-super-ego\/"},"modified":"2025-10-24T07:19:44","modified_gmt":"2025-10-24T07:19:44","slug":"cartucho-romassgas-rosca-us-1-seh024600-super-ego","status":"publish","type":"product","link":"https:\/\/casafreitas.pt\/loja\/produto\/cartucho-romassgas-rosca-us-1-seh024600-super-ego\/","title":{"rendered":"Cartucho romassgas rosca us 1&#8243; seh024600 super ego"},"content":{"rendered":"","protected":false},"excerpt":{"rendered":"<p>Cartucho romassgas rosca us 1&#8243; seh024600 super ego. cartucho descart\u00e1vel com v\u00e1lvula de seguran\u00e7a. pode-se conectar e desconectar facilmente. rosca us de 1&#8243;. mistura est\u00e1vel de g\u00e1s metil-acetileno com propadieno. 35% mais r\u00e1pido que o propano. temperatura 2.400\u00b0c<\/p>\n","protected":false},"featured_media":126893,"comment_status":"open","ping_status":"closed","template":"","meta":[],"product_brand":[],"product_cat":[17363,2364],"product_tag":[],"class_list":{"0":"post-126894","1":"product","2":"type-product","3":"status-publish","4":"has-post-thumbnail","6":"product_cat-cartuchos-recarga-de-gas-climatizacao","7":"product_cat-climatizacao","9":"first","10":"instock","11":"taxable","12":"shipping-taxable","13":"purchasable","14":"product-type-simple"},"_links":{"self":[{"href":"https:\/\/casafreitas.pt\/loja\/wp-json\/wp\/v2\/product\/126894","targetHints":{"allow":["GET"]}}],"collection":[{"href":"https:\/\/casafreitas.pt\/loja\/wp-json\/wp\/v2\/product"}],"about":[{"href":"https:\/\/casafreitas.pt\/loja\/wp-json\/wp\/v2\/types\/product"}],"replies":[{"embeddable":true,"href":"https:\/\/casafreitas.pt\/loja\/wp-json\/wp\/v2\/comments?post=126894"}],"version-history":[{"count":1,"href":"https:\/\/casafreitas.pt\/loja\/wp-json\/wp\/v2\/product\/126894\/revisions"}],"predecessor-version":[{"id":126895,"href":"https:\/\/casafreitas.pt\/loja\/wp-json\/wp\/v2\/product\/126894\/revisions\/126895"}],"wp:featuredmedia":[{"embeddable":true,"href":"https:\/\/casafreitas.pt\/loja\/wp-json\/wp\/v2\/media\/126893"}],"wp:attachment":[{"href":"https:\/\/casafreitas.pt\/loja\/wp-json\/wp\/v2\/media?parent=126894"}],"wp:term":[{"taxonomy":"product_brand","embeddable":true,"href":"https:\/\/casafreitas.pt\/loja\/wp-json\/wp\/v2\/product_brand?post=126894"},{"taxonomy":"product_cat","embeddable":true,"href":"https:\/\/casafreitas.pt\/loja\/wp-json\/wp\/v2\/product_cat?post=126894"},{"taxonomy":"product_tag","embeddable":true,"href":"https:\/\/casafreitas.pt\/loja\/wp-json\/wp\/v2\/product_tag?post=126894"}],"curies":[{"name":"wp","href":"https:\/\/api.w.org\/{rel}","templated":true}]}}