{"id":126891,"date":"2025-10-08T16:35:25","date_gmt":"2025-10-08T16:35:25","guid":{"rendered":"https:\/\/casafreitas.pt\/loja\/produto\/kit-macarico-pro-fire-2-garrafas-gas-mapp-rosca-1-1500002772-super-ego\/"},"modified":"2025-10-24T07:19:42","modified_gmt":"2025-10-24T07:19:42","slug":"kit-macarico-pro-fire-2-garrafas-gas-mapp-rosca-1-1500002772-super-ego","status":"publish","type":"product","link":"https:\/\/casafreitas.pt\/loja\/produto\/kit-macarico-pro-fire-2-garrafas-gas-mapp-rosca-1-1500002772-super-ego\/","title":{"rendered":"Kit ma\u00e7arico pro-fire + 2 garrafas g\u00e1s mapp rosca 1&#8243; 1500002772 super ego"},"content":{"rendered":"","protected":false},"excerpt":{"rendered":"<p>Kit ma\u00e7arico pro-fire + 2 garrafas g\u00e1s mapp rosca 1&#8243; 1500002772 super ego. ma\u00e7arico piezoel\u00e9trico profissional para solda forte com chama envolvente. regula\u00e7\u00e3o precisa da chama. design especial para melhor agarre. indicado para uso com g\u00e1s mapp super ego. piezoel\u00e9trico. queimador em inox com \u00f810mm. bot\u00e3o bloqueio de chama. funciona em posi\u00e7\u00e3o invertida. inclui 2 garrafas de g\u00e1s super ego<\/p>\n","protected":false},"featured_media":126890,"comment_status":"open","ping_status":"closed","template":"","meta":[],"product_brand":[],"product_cat":[2364,17372],"product_tag":[],"class_list":{"0":"post-126891","1":"product","2":"type-product","3":"status-publish","4":"has-post-thumbnail","6":"product_cat-climatizacao","7":"product_cat-macarico-climatizacao","9":"first","10":"instock","11":"taxable","12":"shipping-taxable","13":"purchasable","14":"product-type-simple"},"_links":{"self":[{"href":"https:\/\/casafreitas.pt\/loja\/wp-json\/wp\/v2\/product\/126891","targetHints":{"allow":["GET"]}}],"collection":[{"href":"https:\/\/casafreitas.pt\/loja\/wp-json\/wp\/v2\/product"}],"about":[{"href":"https:\/\/casafreitas.pt\/loja\/wp-json\/wp\/v2\/types\/product"}],"replies":[{"embeddable":true,"href":"https:\/\/casafreitas.pt\/loja\/wp-json\/wp\/v2\/comments?post=126891"}],"version-history":[{"count":1,"href":"https:\/\/casafreitas.pt\/loja\/wp-json\/wp\/v2\/product\/126891\/revisions"}],"predecessor-version":[{"id":126892,"href":"https:\/\/casafreitas.pt\/loja\/wp-json\/wp\/v2\/product\/126891\/revisions\/126892"}],"wp:featuredmedia":[{"embeddable":true,"href":"https:\/\/casafreitas.pt\/loja\/wp-json\/wp\/v2\/media\/126890"}],"wp:attachment":[{"href":"https:\/\/casafreitas.pt\/loja\/wp-json\/wp\/v2\/media?parent=126891"}],"wp:term":[{"taxonomy":"product_brand","embeddable":true,"href":"https:\/\/casafreitas.pt\/loja\/wp-json\/wp\/v2\/product_brand?post=126891"},{"taxonomy":"product_cat","embeddable":true,"href":"https:\/\/casafreitas.pt\/loja\/wp-json\/wp\/v2\/product_cat?post=126891"},{"taxonomy":"product_tag","embeddable":true,"href":"https:\/\/casafreitas.pt\/loja\/wp-json\/wp\/v2\/product_tag?post=126891"}],"curies":[{"name":"wp","href":"https:\/\/api.w.org\/{rel}","templated":true}]}}