{"id":126888,"date":"2025-10-08T16:34:56","date_gmt":"2025-10-08T16:34:56","guid":{"rendered":"https:\/\/casafreitas.pt\/loja\/produto\/macarico-pro-fire-10mm-rosca-1-1500002771-super-ego\/"},"modified":"2025-10-24T07:19:42","modified_gmt":"2025-10-24T07:19:42","slug":"macarico-pro-fire-10mm-rosca-1-1500002771-super-ego","status":"publish","type":"product","link":"https:\/\/casafreitas.pt\/loja\/produto\/macarico-pro-fire-10mm-rosca-1-1500002771-super-ego\/","title":{"rendered":"Ma\u00e7arico pro-fire 10mm rosca 1&#8243; 1500002771 super ego"},"content":{"rendered":"","protected":false},"excerpt":{"rendered":"<p>Ma\u00e7arico pro-fire 10mm rosca 1&#8243; 1500002771 super ego. ma\u00e7arico piezoel\u00e9trico profissional para solda forte com chama envolvente. regula\u00e7\u00e3o precisa da chama, design especial para melhor agarre. indicado para uso com g\u00e1s mapp super ego. piezoel\u00e9trico. queimador de inox \u00f810mm. regulador de chama. bot\u00e3o de bloqueio de chama. funciona em posi\u00e7\u00e3o invertida<\/p>\n","protected":false},"featured_media":126887,"comment_status":"open","ping_status":"closed","template":"","meta":[],"product_brand":[],"product_cat":[2364,17372],"product_tag":[],"class_list":{"0":"post-126888","1":"product","2":"type-product","3":"status-publish","4":"has-post-thumbnail","6":"product_cat-climatizacao","7":"product_cat-macarico-climatizacao","9":"first","10":"instock","11":"taxable","12":"shipping-taxable","13":"purchasable","14":"product-type-simple"},"_links":{"self":[{"href":"https:\/\/casafreitas.pt\/loja\/wp-json\/wp\/v2\/product\/126888","targetHints":{"allow":["GET"]}}],"collection":[{"href":"https:\/\/casafreitas.pt\/loja\/wp-json\/wp\/v2\/product"}],"about":[{"href":"https:\/\/casafreitas.pt\/loja\/wp-json\/wp\/v2\/types\/product"}],"replies":[{"embeddable":true,"href":"https:\/\/casafreitas.pt\/loja\/wp-json\/wp\/v2\/comments?post=126888"}],"version-history":[{"count":1,"href":"https:\/\/casafreitas.pt\/loja\/wp-json\/wp\/v2\/product\/126888\/revisions"}],"predecessor-version":[{"id":126889,"href":"https:\/\/casafreitas.pt\/loja\/wp-json\/wp\/v2\/product\/126888\/revisions\/126889"}],"wp:featuredmedia":[{"embeddable":true,"href":"https:\/\/casafreitas.pt\/loja\/wp-json\/wp\/v2\/media\/126887"}],"wp:attachment":[{"href":"https:\/\/casafreitas.pt\/loja\/wp-json\/wp\/v2\/media?parent=126888"}],"wp:term":[{"taxonomy":"product_brand","embeddable":true,"href":"https:\/\/casafreitas.pt\/loja\/wp-json\/wp\/v2\/product_brand?post=126888"},{"taxonomy":"product_cat","embeddable":true,"href":"https:\/\/casafreitas.pt\/loja\/wp-json\/wp\/v2\/product_cat?post=126888"},{"taxonomy":"product_tag","embeddable":true,"href":"https:\/\/casafreitas.pt\/loja\/wp-json\/wp\/v2\/product_tag?post=126888"}],"curies":[{"name":"wp","href":"https:\/\/api.w.org\/{rel}","templated":true}]}}