{"id":126885,"date":"2025-10-08T16:34:27","date_gmt":"2025-10-08T16:34:27","guid":{"rendered":"https:\/\/casafreitas.pt\/loja\/produto\/macarico-super-fogo-rosca-1-254400000-super-ego\/"},"modified":"2025-10-24T07:19:42","modified_gmt":"2025-10-24T07:19:42","slug":"macarico-super-fogo-rosca-1-254400000-super-ego","status":"publish","type":"product","link":"https:\/\/casafreitas.pt\/loja\/produto\/macarico-super-fogo-rosca-1-254400000-super-ego\/","title":{"rendered":"Ma\u00e7arico super fogo rosca 1&#8243; 254400000 super ego"},"content":{"rendered":"","protected":false},"excerpt":{"rendered":"<p>Ma\u00e7arico super fogo rosca 1&#8243; 254400000 super ego. ma\u00e7arico super fogo. solda suave e forte. chama dardo. conex\u00e3o roscada ao dep\u00f3sito de g\u00e1s (1&#8243;x20) para cartuchos de propano e map\/pro. para aplica\u00e7\u00f5es profissionais de canaliza\u00e7\u00e3o, aircon e para soldar j\u00f3ais<\/p>\n","protected":false},"featured_media":126884,"comment_status":"open","ping_status":"closed","template":"","meta":[],"product_brand":[],"product_cat":[2364,17372],"product_tag":[],"class_list":{"0":"post-126885","1":"product","2":"type-product","3":"status-publish","4":"has-post-thumbnail","6":"product_cat-climatizacao","7":"product_cat-macarico-climatizacao","9":"first","10":"instock","11":"taxable","12":"shipping-taxable","13":"purchasable","14":"product-type-simple"},"_links":{"self":[{"href":"https:\/\/casafreitas.pt\/loja\/wp-json\/wp\/v2\/product\/126885","targetHints":{"allow":["GET"]}}],"collection":[{"href":"https:\/\/casafreitas.pt\/loja\/wp-json\/wp\/v2\/product"}],"about":[{"href":"https:\/\/casafreitas.pt\/loja\/wp-json\/wp\/v2\/types\/product"}],"replies":[{"embeddable":true,"href":"https:\/\/casafreitas.pt\/loja\/wp-json\/wp\/v2\/comments?post=126885"}],"version-history":[{"count":1,"href":"https:\/\/casafreitas.pt\/loja\/wp-json\/wp\/v2\/product\/126885\/revisions"}],"predecessor-version":[{"id":126886,"href":"https:\/\/casafreitas.pt\/loja\/wp-json\/wp\/v2\/product\/126885\/revisions\/126886"}],"wp:featuredmedia":[{"embeddable":true,"href":"https:\/\/casafreitas.pt\/loja\/wp-json\/wp\/v2\/media\/126884"}],"wp:attachment":[{"href":"https:\/\/casafreitas.pt\/loja\/wp-json\/wp\/v2\/media?parent=126885"}],"wp:term":[{"taxonomy":"product_brand","embeddable":true,"href":"https:\/\/casafreitas.pt\/loja\/wp-json\/wp\/v2\/product_brand?post=126885"},{"taxonomy":"product_cat","embeddable":true,"href":"https:\/\/casafreitas.pt\/loja\/wp-json\/wp\/v2\/product_cat?post=126885"},{"taxonomy":"product_tag","embeddable":true,"href":"https:\/\/casafreitas.pt\/loja\/wp-json\/wp\/v2\/product_tag?post=126885"}],"curies":[{"name":"wp","href":"https:\/\/api.w.org\/{rel}","templated":true}]}}