{"id":126882,"date":"2025-10-08T16:33:59","date_gmt":"2025-10-08T16:33:59","guid":{"rendered":"https:\/\/casafreitas.pt\/loja\/produto\/macarico-easyfire-com-piezo-rosca-eu-7-16-2-garrafas-btp300-1000000768-super-ego\/"},"modified":"2025-10-24T07:19:42","modified_gmt":"2025-10-24T07:19:42","slug":"macarico-easyfire-com-piezo-rosca-eu-7-16-2-garrafas-btp300-1000000768-super-ego","status":"publish","type":"product","link":"https:\/\/casafreitas.pt\/loja\/produto\/macarico-easyfire-com-piezo-rosca-eu-7-16-2-garrafas-btp300-1000000768-super-ego\/","title":{"rendered":"Ma\u00e7arico easyfire com piezo rosca eu 7\/16&#8243; + 2 garrafas btp300 1000000768 super ego"},"content":{"rendered":"","protected":false},"excerpt":{"rendered":"<p>Ma\u00e7arico easyfire com piezo rosca eu 7\/16&#8243; + 2 garrafas btp300 1000000768 super ego. ma\u00e7arico com piezoel\u00e9trico, regulador de chama, sistema de refrigera\u00e7\u00e3o. apto para cartuchos de g\u00e1s butano\/propano. inclui 2 garrafas de g\u00e1s btp300<\/p>\n","protected":false},"featured_media":126881,"comment_status":"open","ping_status":"closed","template":"","meta":[],"product_brand":[],"product_cat":[2364,17372],"product_tag":[],"class_list":{"0":"post-126882","1":"product","2":"type-product","3":"status-publish","4":"has-post-thumbnail","6":"product_cat-climatizacao","7":"product_cat-macarico-climatizacao","9":"first","10":"instock","11":"taxable","12":"shipping-taxable","13":"purchasable","14":"product-type-simple"},"_links":{"self":[{"href":"https:\/\/casafreitas.pt\/loja\/wp-json\/wp\/v2\/product\/126882","targetHints":{"allow":["GET"]}}],"collection":[{"href":"https:\/\/casafreitas.pt\/loja\/wp-json\/wp\/v2\/product"}],"about":[{"href":"https:\/\/casafreitas.pt\/loja\/wp-json\/wp\/v2\/types\/product"}],"replies":[{"embeddable":true,"href":"https:\/\/casafreitas.pt\/loja\/wp-json\/wp\/v2\/comments?post=126882"}],"version-history":[{"count":1,"href":"https:\/\/casafreitas.pt\/loja\/wp-json\/wp\/v2\/product\/126882\/revisions"}],"predecessor-version":[{"id":126883,"href":"https:\/\/casafreitas.pt\/loja\/wp-json\/wp\/v2\/product\/126882\/revisions\/126883"}],"wp:featuredmedia":[{"embeddable":true,"href":"https:\/\/casafreitas.pt\/loja\/wp-json\/wp\/v2\/media\/126881"}],"wp:attachment":[{"href":"https:\/\/casafreitas.pt\/loja\/wp-json\/wp\/v2\/media?parent=126882"}],"wp:term":[{"taxonomy":"product_brand","embeddable":true,"href":"https:\/\/casafreitas.pt\/loja\/wp-json\/wp\/v2\/product_brand?post=126882"},{"taxonomy":"product_cat","embeddable":true,"href":"https:\/\/casafreitas.pt\/loja\/wp-json\/wp\/v2\/product_cat?post=126882"},{"taxonomy":"product_tag","embeddable":true,"href":"https:\/\/casafreitas.pt\/loja\/wp-json\/wp\/v2\/product_tag?post=126882"}],"curies":[{"name":"wp","href":"https:\/\/api.w.org\/{rel}","templated":true}]}}