{"id":126876,"date":"2025-10-08T16:33:02","date_gmt":"2025-10-08T16:33:02","guid":{"rendered":"https:\/\/casafreitas.pt\/loja\/produto\/macarico-tipo-pistola-rosca-7-16-1500001304-super-ego\/"},"modified":"2025-10-24T07:19:42","modified_gmt":"2025-10-24T07:19:42","slug":"macarico-tipo-pistola-rosca-7-16-1500001304-super-ego","status":"publish","type":"product","link":"https:\/\/casafreitas.pt\/loja\/produto\/macarico-tipo-pistola-rosca-7-16-1500001304-super-ego\/","title":{"rendered":"Ma\u00e7arico tipo pistola rosca 7\/16&#8243; 1500001304 super ego"},"content":{"rendered":"","protected":false},"excerpt":{"rendered":"<p>Ma\u00e7arico tipo pistola rosca 7\/16&#8243; 1500001304 super ego. ma\u00e7arico compacto tipo pistola com piezoel\u00e9trico. ma\u00e7arico para solda suave, solda forte e termocontra\u00e7\u00e3o. para aplica\u00e7\u00f5es de canaliza\u00e7\u00e3o profissional, ar condicionado e para soldar j\u00f3ias. conex\u00e3o roscada ao cartucho de g\u00e1s (7\/16&#8243;x28). para usar com cartuchos de g\u00e1s butano\/propano c470 e btp300<\/p>\n","protected":false},"featured_media":126875,"comment_status":"open","ping_status":"closed","template":"","meta":[],"product_brand":[],"product_cat":[2364,17372],"product_tag":[],"class_list":{"0":"post-126876","1":"product","2":"type-product","3":"status-publish","4":"has-post-thumbnail","6":"product_cat-climatizacao","7":"product_cat-macarico-climatizacao","9":"first","10":"instock","11":"taxable","12":"shipping-taxable","13":"purchasable","14":"product-type-simple"},"_links":{"self":[{"href":"https:\/\/casafreitas.pt\/loja\/wp-json\/wp\/v2\/product\/126876","targetHints":{"allow":["GET"]}}],"collection":[{"href":"https:\/\/casafreitas.pt\/loja\/wp-json\/wp\/v2\/product"}],"about":[{"href":"https:\/\/casafreitas.pt\/loja\/wp-json\/wp\/v2\/types\/product"}],"replies":[{"embeddable":true,"href":"https:\/\/casafreitas.pt\/loja\/wp-json\/wp\/v2\/comments?post=126876"}],"version-history":[{"count":1,"href":"https:\/\/casafreitas.pt\/loja\/wp-json\/wp\/v2\/product\/126876\/revisions"}],"predecessor-version":[{"id":126877,"href":"https:\/\/casafreitas.pt\/loja\/wp-json\/wp\/v2\/product\/126876\/revisions\/126877"}],"wp:featuredmedia":[{"embeddable":true,"href":"https:\/\/casafreitas.pt\/loja\/wp-json\/wp\/v2\/media\/126875"}],"wp:attachment":[{"href":"https:\/\/casafreitas.pt\/loja\/wp-json\/wp\/v2\/media?parent=126876"}],"wp:term":[{"taxonomy":"product_brand","embeddable":true,"href":"https:\/\/casafreitas.pt\/loja\/wp-json\/wp\/v2\/product_brand?post=126876"},{"taxonomy":"product_cat","embeddable":true,"href":"https:\/\/casafreitas.pt\/loja\/wp-json\/wp\/v2\/product_cat?post=126876"},{"taxonomy":"product_tag","embeddable":true,"href":"https:\/\/casafreitas.pt\/loja\/wp-json\/wp\/v2\/product_tag?post=126876"}],"curies":[{"name":"wp","href":"https:\/\/api.w.org\/{rel}","templated":true}]}}