{"id":126873,"date":"2025-10-08T16:32:33","date_gmt":"2025-10-08T16:32:33","guid":{"rendered":"https:\/\/casafreitas.pt\/loja\/produto\/kit-macarico-108-l-sbcb5021-butsir\/"},"modified":"2025-11-18T22:01:08","modified_gmt":"2025-11-18T22:01:08","slug":"kit-macarico-108-l-sbcb5021-butsir","status":"publish","type":"product","link":"https:\/\/casafreitas.pt\/loja\/produto\/kit-macarico-108-l-sbcb5021-butsir\/","title":{"rendered":"Kit ma\u00e7arico 108 l sbcb5021 butsir"},"content":{"rendered":"","protected":false},"excerpt":{"rendered":"<p>Kit ma\u00e7arico 108 l sbcb5021 butsir. cabo com gatilho de regula\u00e7\u00e3o. inclui acess\u00f3rios 816, 818, 822 e mangueira de 1,5m<\/p>\n","protected":false},"featured_media":126872,"comment_status":"open","ping_status":"closed","template":"","meta":[],"product_brand":[],"product_cat":[2364,17372],"product_tag":[],"class_list":{"0":"post-126873","1":"product","2":"type-product","3":"status-publish","4":"has-post-thumbnail","6":"product_cat-climatizacao","7":"product_cat-macarico-climatizacao","9":"first","10":"instock","11":"taxable","12":"shipping-taxable","13":"purchasable","14":"product-type-simple"},"_links":{"self":[{"href":"https:\/\/casafreitas.pt\/loja\/wp-json\/wp\/v2\/product\/126873","targetHints":{"allow":["GET"]}}],"collection":[{"href":"https:\/\/casafreitas.pt\/loja\/wp-json\/wp\/v2\/product"}],"about":[{"href":"https:\/\/casafreitas.pt\/loja\/wp-json\/wp\/v2\/types\/product"}],"replies":[{"embeddable":true,"href":"https:\/\/casafreitas.pt\/loja\/wp-json\/wp\/v2\/comments?post=126873"}],"version-history":[{"count":1,"href":"https:\/\/casafreitas.pt\/loja\/wp-json\/wp\/v2\/product\/126873\/revisions"}],"predecessor-version":[{"id":126874,"href":"https:\/\/casafreitas.pt\/loja\/wp-json\/wp\/v2\/product\/126873\/revisions\/126874"}],"wp:featuredmedia":[{"embeddable":true,"href":"https:\/\/casafreitas.pt\/loja\/wp-json\/wp\/v2\/media\/126872"}],"wp:attachment":[{"href":"https:\/\/casafreitas.pt\/loja\/wp-json\/wp\/v2\/media?parent=126873"}],"wp:term":[{"taxonomy":"product_brand","embeddable":true,"href":"https:\/\/casafreitas.pt\/loja\/wp-json\/wp\/v2\/product_brand?post=126873"},{"taxonomy":"product_cat","embeddable":true,"href":"https:\/\/casafreitas.pt\/loja\/wp-json\/wp\/v2\/product_cat?post=126873"},{"taxonomy":"product_tag","embeddable":true,"href":"https:\/\/casafreitas.pt\/loja\/wp-json\/wp\/v2\/product_tag?post=126873"}],"curies":[{"name":"wp","href":"https:\/\/api.w.org\/{rel}","templated":true}]}}