{"id":126870,"date":"2025-10-08T16:32:05","date_gmt":"2025-10-08T16:32:05","guid":{"rendered":"https:\/\/casafreitas.pt\/loja\/produto\/cartucho-gas-227g-butsir\/"},"modified":"2025-10-24T07:19:41","modified_gmt":"2025-10-24T07:19:41","slug":"cartucho-gas-227g-butsir","status":"publish","type":"product","link":"https:\/\/casafreitas.pt\/loja\/produto\/cartucho-gas-227g-butsir\/","title":{"rendered":"Cartucho de g\u00e1s 227g butsir"},"content":{"rendered":"","protected":false},"excerpt":{"rendered":"<p>Cartucho de g\u00e1s 227g butsir. cartucho de g\u00e1s comercial para aparelhos de cartucho com v\u00e1lvula de acordo com a normativa europeia. dimens\u00f5es: \u00f86,6&#215;19,7cm (diametro\/altura)<\/p>\n","protected":false},"featured_media":126869,"comment_status":"open","ping_status":"closed","template":"","meta":[],"product_brand":[],"product_cat":[17363,2364],"product_tag":[],"class_list":{"0":"post-126870","1":"product","2":"type-product","3":"status-publish","4":"has-post-thumbnail","6":"product_cat-cartuchos-recarga-de-gas-climatizacao","7":"product_cat-climatizacao","9":"first","10":"instock","11":"taxable","12":"shipping-taxable","13":"purchasable","14":"product-type-simple"},"_links":{"self":[{"href":"https:\/\/casafreitas.pt\/loja\/wp-json\/wp\/v2\/product\/126870","targetHints":{"allow":["GET"]}}],"collection":[{"href":"https:\/\/casafreitas.pt\/loja\/wp-json\/wp\/v2\/product"}],"about":[{"href":"https:\/\/casafreitas.pt\/loja\/wp-json\/wp\/v2\/types\/product"}],"replies":[{"embeddable":true,"href":"https:\/\/casafreitas.pt\/loja\/wp-json\/wp\/v2\/comments?post=126870"}],"version-history":[{"count":1,"href":"https:\/\/casafreitas.pt\/loja\/wp-json\/wp\/v2\/product\/126870\/revisions"}],"predecessor-version":[{"id":126871,"href":"https:\/\/casafreitas.pt\/loja\/wp-json\/wp\/v2\/product\/126870\/revisions\/126871"}],"wp:featuredmedia":[{"embeddable":true,"href":"https:\/\/casafreitas.pt\/loja\/wp-json\/wp\/v2\/media\/126869"}],"wp:attachment":[{"href":"https:\/\/casafreitas.pt\/loja\/wp-json\/wp\/v2\/media?parent=126870"}],"wp:term":[{"taxonomy":"product_brand","embeddable":true,"href":"https:\/\/casafreitas.pt\/loja\/wp-json\/wp\/v2\/product_brand?post=126870"},{"taxonomy":"product_cat","embeddable":true,"href":"https:\/\/casafreitas.pt\/loja\/wp-json\/wp\/v2\/product_cat?post=126870"},{"taxonomy":"product_tag","embeddable":true,"href":"https:\/\/casafreitas.pt\/loja\/wp-json\/wp\/v2\/product_tag?post=126870"}],"curies":[{"name":"wp","href":"https:\/\/api.w.org\/{rel}","templated":true}]}}