{"id":126867,"date":"2025-10-08T16:31:36","date_gmt":"2025-10-08T16:31:36","guid":{"rendered":"https:\/\/casafreitas.pt\/loja\/produto\/cartucho-gas-190g-com-gas\/"},"modified":"2025-10-24T07:19:41","modified_gmt":"2025-10-24T07:19:41","slug":"cartucho-gas-190g-com-gas","status":"publish","type":"product","link":"https:\/\/casafreitas.pt\/loja\/produto\/cartucho-gas-190g-com-gas\/","title":{"rendered":"Cartucho de gas 190g com gas"},"content":{"rendered":"","protected":false},"excerpt":{"rendered":"<p>Cartucho de gas 19g gas com gascombustivel sob pressao. protege da luz direta do sol. n\u00e3o expor a temperatura superiores a 50\u00b0c. manter fora do alcance das crian\u00e7as. cartucho de gas cumpre com a norma en417. seguir as instru\u00e7\u00f5es do dispositivo a ser utilizado. mantenha o cartucho de gas em uma area bem ventilada. mantenha longe de fontes de igni\u00e7\u00e3o. n\u00e3o fumar. deitar fora os cartuchos vazios de uma maneira segura. substituir o cartucho em uma zona bem ventilada e sem fontes de igni\u00e7\u00e3o. fechar a v\u00e1lvula do dispositivo. retire o cartucho vazio. substituir a junta do precinto da unidade si esta danificado ou ausente aviso: n\u00e3o preencher outra vez, n\u00e3o perfurar nem jogar no fogo incluso depois do uso.<\/p>\n","protected":false},"featured_media":126866,"comment_status":"open","ping_status":"closed","template":"","meta":[],"product_brand":[],"product_cat":[17363,2364],"product_tag":[],"class_list":{"0":"post-126867","1":"product","2":"type-product","3":"status-publish","4":"has-post-thumbnail","6":"product_cat-cartuchos-recarga-de-gas-climatizacao","7":"product_cat-climatizacao","9":"first","10":"instock","11":"taxable","12":"shipping-taxable","13":"purchasable","14":"product-type-simple"},"_links":{"self":[{"href":"https:\/\/casafreitas.pt\/loja\/wp-json\/wp\/v2\/product\/126867","targetHints":{"allow":["GET"]}}],"collection":[{"href":"https:\/\/casafreitas.pt\/loja\/wp-json\/wp\/v2\/product"}],"about":[{"href":"https:\/\/casafreitas.pt\/loja\/wp-json\/wp\/v2\/types\/product"}],"replies":[{"embeddable":true,"href":"https:\/\/casafreitas.pt\/loja\/wp-json\/wp\/v2\/comments?post=126867"}],"version-history":[{"count":1,"href":"https:\/\/casafreitas.pt\/loja\/wp-json\/wp\/v2\/product\/126867\/revisions"}],"predecessor-version":[{"id":126868,"href":"https:\/\/casafreitas.pt\/loja\/wp-json\/wp\/v2\/product\/126867\/revisions\/126868"}],"wp:featuredmedia":[{"embeddable":true,"href":"https:\/\/casafreitas.pt\/loja\/wp-json\/wp\/v2\/media\/126866"}],"wp:attachment":[{"href":"https:\/\/casafreitas.pt\/loja\/wp-json\/wp\/v2\/media?parent=126867"}],"wp:term":[{"taxonomy":"product_brand","embeddable":true,"href":"https:\/\/casafreitas.pt\/loja\/wp-json\/wp\/v2\/product_brand?post=126867"},{"taxonomy":"product_cat","embeddable":true,"href":"https:\/\/casafreitas.pt\/loja\/wp-json\/wp\/v2\/product_cat?post=126867"},{"taxonomy":"product_tag","embeddable":true,"href":"https:\/\/casafreitas.pt\/loja\/wp-json\/wp\/v2\/product_tag?post=126867"}],"curies":[{"name":"wp","href":"https:\/\/api.w.org\/{rel}","templated":true}]}}