{"id":126864,"date":"2025-10-08T16:31:07","date_gmt":"2025-10-08T16:31:07","guid":{"rendered":"https:\/\/casafreitas.pt\/loja\/produto\/kit-macarico-eco-super-ego\/"},"modified":"2025-10-24T07:19:41","modified_gmt":"2025-10-24T07:19:41","slug":"kit-macarico-eco-super-ego","status":"publish","type":"product","link":"https:\/\/casafreitas.pt\/loja\/produto\/kit-macarico-eco-super-ego\/","title":{"rendered":"Kit ma\u00e7arico eco super ego"},"content":{"rendered":"","protected":false},"excerpt":{"rendered":"<p>Ma\u00e7arico eco. composto por: queimador de \u00f822mm. lan\u00e7a 100mm. cabo ergonomico m14x1 com regulador de chama. e mangueira de alta precis\u00e3o de 2m (w21,8&#8243; iz. &#8211; r3\/8&#8243; iz) super ego<\/p>\n","protected":false},"featured_media":126863,"comment_status":"open","ping_status":"closed","template":"","meta":[],"product_brand":[],"product_cat":[2364,17372],"product_tag":[],"class_list":{"0":"post-126864","1":"product","2":"type-product","3":"status-publish","4":"has-post-thumbnail","6":"product_cat-climatizacao","7":"product_cat-macarico-climatizacao","9":"first","10":"instock","11":"taxable","12":"shipping-taxable","13":"purchasable","14":"product-type-simple"},"_links":{"self":[{"href":"https:\/\/casafreitas.pt\/loja\/wp-json\/wp\/v2\/product\/126864","targetHints":{"allow":["GET"]}}],"collection":[{"href":"https:\/\/casafreitas.pt\/loja\/wp-json\/wp\/v2\/product"}],"about":[{"href":"https:\/\/casafreitas.pt\/loja\/wp-json\/wp\/v2\/types\/product"}],"replies":[{"embeddable":true,"href":"https:\/\/casafreitas.pt\/loja\/wp-json\/wp\/v2\/comments?post=126864"}],"version-history":[{"count":1,"href":"https:\/\/casafreitas.pt\/loja\/wp-json\/wp\/v2\/product\/126864\/revisions"}],"predecessor-version":[{"id":126865,"href":"https:\/\/casafreitas.pt\/loja\/wp-json\/wp\/v2\/product\/126864\/revisions\/126865"}],"wp:featuredmedia":[{"embeddable":true,"href":"https:\/\/casafreitas.pt\/loja\/wp-json\/wp\/v2\/media\/126863"}],"wp:attachment":[{"href":"https:\/\/casafreitas.pt\/loja\/wp-json\/wp\/v2\/media?parent=126864"}],"wp:term":[{"taxonomy":"product_brand","embeddable":true,"href":"https:\/\/casafreitas.pt\/loja\/wp-json\/wp\/v2\/product_brand?post=126864"},{"taxonomy":"product_cat","embeddable":true,"href":"https:\/\/casafreitas.pt\/loja\/wp-json\/wp\/v2\/product_cat?post=126864"},{"taxonomy":"product_tag","embeddable":true,"href":"https:\/\/casafreitas.pt\/loja\/wp-json\/wp\/v2\/product_tag?post=126864"}],"curies":[{"name":"wp","href":"https:\/\/api.w.org\/{rel}","templated":true}]}}