{"id":126777,"date":"2025-10-08T16:17:26","date_gmt":"2025-10-08T16:17:26","guid":{"rendered":"https:\/\/casafreitas.pt\/loja\/produto\/gnomo-cinzento-chapeu-vermelho-8-x-22-cm\/"},"modified":"2025-10-24T07:19:38","modified_gmt":"2025-10-24T07:19:38","slug":"gnomo-cinzento-chapeu-vermelho-8-x-22-cm","status":"publish","type":"product","link":"https:\/\/casafreitas.pt\/loja\/produto\/gnomo-cinzento-chapeu-vermelho-8-x-22-cm\/","title":{"rendered":"Gnomo cinzento e chap\u00e9u vermelho 8 x 22 cm"},"content":{"rendered":"","protected":false},"excerpt":{"rendered":"<p>Gnomo cinza com bon\u00e9 felpudo vermelho, material poli\u00e9ster, esponja, com tira para secagem. dimens\u00f5es 8 x 22 cm<\/p>\n","protected":false},"featured_media":126776,"comment_status":"open","ping_status":"closed","template":"","meta":[],"product_brand":[],"product_cat":[17786,18006],"product_tag":[],"class_list":{"0":"post-126777","1":"product","2":"type-product","3":"status-publish","4":"has-post-thumbnail","6":"product_cat-complementos-e-decoracao-de-natal-diversos-sazonais","7":"product_cat-diversos-sazonais","9":"first","10":"instock","11":"taxable","12":"shipping-taxable","13":"purchasable","14":"product-type-simple"},"_links":{"self":[{"href":"https:\/\/casafreitas.pt\/loja\/wp-json\/wp\/v2\/product\/126777","targetHints":{"allow":["GET"]}}],"collection":[{"href":"https:\/\/casafreitas.pt\/loja\/wp-json\/wp\/v2\/product"}],"about":[{"href":"https:\/\/casafreitas.pt\/loja\/wp-json\/wp\/v2\/types\/product"}],"replies":[{"embeddable":true,"href":"https:\/\/casafreitas.pt\/loja\/wp-json\/wp\/v2\/comments?post=126777"}],"version-history":[{"count":1,"href":"https:\/\/casafreitas.pt\/loja\/wp-json\/wp\/v2\/product\/126777\/revisions"}],"predecessor-version":[{"id":126778,"href":"https:\/\/casafreitas.pt\/loja\/wp-json\/wp\/v2\/product\/126777\/revisions\/126778"}],"wp:featuredmedia":[{"embeddable":true,"href":"https:\/\/casafreitas.pt\/loja\/wp-json\/wp\/v2\/media\/126776"}],"wp:attachment":[{"href":"https:\/\/casafreitas.pt\/loja\/wp-json\/wp\/v2\/media?parent=126777"}],"wp:term":[{"taxonomy":"product_brand","embeddable":true,"href":"https:\/\/casafreitas.pt\/loja\/wp-json\/wp\/v2\/product_brand?post=126777"},{"taxonomy":"product_cat","embeddable":true,"href":"https:\/\/casafreitas.pt\/loja\/wp-json\/wp\/v2\/product_cat?post=126777"},{"taxonomy":"product_tag","embeddable":true,"href":"https:\/\/casafreitas.pt\/loja\/wp-json\/wp\/v2\/product_tag?post=126777"}],"curies":[{"name":"wp","href":"https:\/\/api.w.org\/{rel}","templated":true}]}}