{"id":126740,"date":"2025-10-07T23:05:06","date_gmt":"2025-10-07T23:05:06","guid":{"rendered":"https:\/\/casafreitas.pt\/loja\/produto\/estrela-rgb-35-led-multifuncoes-25-x-06-x-60-cm\/"},"modified":"2025-10-24T07:19:38","modified_gmt":"2025-10-24T07:19:38","slug":"estrela-rgb-35-led-multifuncoes-25-x-06-x-60-cm","status":"publish","type":"product","link":"https:\/\/casafreitas.pt\/loja\/produto\/estrela-rgb-35-led-multifuncoes-25-x-06-x-60-cm\/","title":{"rendered":"Estrela rgb 35 led, multifun\u00e7\u00f5es, 25 x 0,6 x 60 cm"},"content":{"rendered":"","protected":false},"excerpt":{"rendered":"<p>Estrela de led de natal com estrutura de cor transparente, 35 led rgb digitais, conector usb de 10 m com controlador, multifun\u00e7\u00f5es, material ps, pvc; dimens\u00f5es: 25 x 0,6 x 60 cm<\/p>\n","protected":false},"featured_media":126739,"comment_status":"open","ping_status":"closed","template":"","meta":[],"product_brand":[],"product_cat":[17798,18006],"product_tag":[],"class_list":{"0":"post-126740","1":"product","2":"type-product","3":"status-publish","4":"has-post-thumbnail","6":"product_cat-figuras-de-neon-rgb-diversos-sazonais","7":"product_cat-diversos-sazonais","9":"first","10":"instock","11":"taxable","12":"shipping-taxable","13":"purchasable","14":"product-type-simple"},"_links":{"self":[{"href":"https:\/\/casafreitas.pt\/loja\/wp-json\/wp\/v2\/product\/126740","targetHints":{"allow":["GET"]}}],"collection":[{"href":"https:\/\/casafreitas.pt\/loja\/wp-json\/wp\/v2\/product"}],"about":[{"href":"https:\/\/casafreitas.pt\/loja\/wp-json\/wp\/v2\/types\/product"}],"replies":[{"embeddable":true,"href":"https:\/\/casafreitas.pt\/loja\/wp-json\/wp\/v2\/comments?post=126740"}],"version-history":[{"count":1,"href":"https:\/\/casafreitas.pt\/loja\/wp-json\/wp\/v2\/product\/126740\/revisions"}],"predecessor-version":[{"id":126741,"href":"https:\/\/casafreitas.pt\/loja\/wp-json\/wp\/v2\/product\/126740\/revisions\/126741"}],"wp:featuredmedia":[{"embeddable":true,"href":"https:\/\/casafreitas.pt\/loja\/wp-json\/wp\/v2\/media\/126739"}],"wp:attachment":[{"href":"https:\/\/casafreitas.pt\/loja\/wp-json\/wp\/v2\/media?parent=126740"}],"wp:term":[{"taxonomy":"product_brand","embeddable":true,"href":"https:\/\/casafreitas.pt\/loja\/wp-json\/wp\/v2\/product_brand?post=126740"},{"taxonomy":"product_cat","embeddable":true,"href":"https:\/\/casafreitas.pt\/loja\/wp-json\/wp\/v2\/product_cat?post=126740"},{"taxonomy":"product_tag","embeddable":true,"href":"https:\/\/casafreitas.pt\/loja\/wp-json\/wp\/v2\/product_tag?post=126740"}],"curies":[{"name":"wp","href":"https:\/\/api.w.org\/{rel}","templated":true}]}}