{"id":126734,"date":"2025-10-07T23:04:10","date_gmt":"2025-10-07T23:04:10","guid":{"rendered":"https:\/\/casafreitas.pt\/loja\/produto\/pai-natal-inflavel-com-luz-75-x-50-x-125-cm\/"},"modified":"2025-10-24T07:19:37","modified_gmt":"2025-10-24T07:19:37","slug":"pai-natal-inflavel-com-luz-75-x-50-x-125-cm","status":"publish","type":"product","link":"https:\/\/casafreitas.pt\/loja\/produto\/pai-natal-inflavel-com-luz-75-x-50-x-125-cm\/","title":{"rendered":"Pai natal infl\u00e1vel com luz, 75 x 50 x 125 cm"},"content":{"rendered":"","protected":false},"excerpt":{"rendered":"<p>Pai natal infl\u00e1vel com luz led colorida, 12 v, 7,2 w, 220 &#8211; 240 v ~50\/60 hz, para exterior ip44, material poli\u00e9ster com revestimento imperme\u00e1vel, cabo de alimenta\u00e7\u00e3o 2 m, cont\u00e9m 2 amarres e 2 estacas para fix\u00e1-lo, dimens\u00f5es insuflado 75 x 50 x 125 cm<\/p>\n","protected":false},"featured_media":126733,"comment_status":"open","ping_status":"closed","template":"","meta":[],"product_brand":[],"product_cat":[17786,18006],"product_tag":[],"class_list":{"0":"post-126734","1":"product","2":"type-product","3":"status-publish","4":"has-post-thumbnail","6":"product_cat-complementos-e-decoracao-de-natal-diversos-sazonais","7":"product_cat-diversos-sazonais","9":"first","10":"instock","11":"taxable","12":"shipping-taxable","13":"purchasable","14":"product-type-simple"},"_links":{"self":[{"href":"https:\/\/casafreitas.pt\/loja\/wp-json\/wp\/v2\/product\/126734","targetHints":{"allow":["GET"]}}],"collection":[{"href":"https:\/\/casafreitas.pt\/loja\/wp-json\/wp\/v2\/product"}],"about":[{"href":"https:\/\/casafreitas.pt\/loja\/wp-json\/wp\/v2\/types\/product"}],"replies":[{"embeddable":true,"href":"https:\/\/casafreitas.pt\/loja\/wp-json\/wp\/v2\/comments?post=126734"}],"version-history":[{"count":1,"href":"https:\/\/casafreitas.pt\/loja\/wp-json\/wp\/v2\/product\/126734\/revisions"}],"predecessor-version":[{"id":126735,"href":"https:\/\/casafreitas.pt\/loja\/wp-json\/wp\/v2\/product\/126734\/revisions\/126735"}],"wp:featuredmedia":[{"embeddable":true,"href":"https:\/\/casafreitas.pt\/loja\/wp-json\/wp\/v2\/media\/126733"}],"wp:attachment":[{"href":"https:\/\/casafreitas.pt\/loja\/wp-json\/wp\/v2\/media?parent=126734"}],"wp:term":[{"taxonomy":"product_brand","embeddable":true,"href":"https:\/\/casafreitas.pt\/loja\/wp-json\/wp\/v2\/product_brand?post=126734"},{"taxonomy":"product_cat","embeddable":true,"href":"https:\/\/casafreitas.pt\/loja\/wp-json\/wp\/v2\/product_cat?post=126734"},{"taxonomy":"product_tag","embeddable":true,"href":"https:\/\/casafreitas.pt\/loja\/wp-json\/wp\/v2\/product_tag?post=126734"}],"curies":[{"name":"wp","href":"https:\/\/api.w.org\/{rel}","templated":true}]}}