{"id":126731,"date":"2025-10-07T23:03:42","date_gmt":"2025-10-07T23:03:42","guid":{"rendered":"https:\/\/casafreitas.pt\/loja\/produto\/pai-natal-insuflavel-com-1-led\/"},"modified":"2025-10-31T22:21:32","modified_gmt":"2025-10-31T22:21:32","slug":"pai-natal-insuflavel-com-1-led","status":"publish","type":"product","link":"https:\/\/casafreitas.pt\/loja\/produto\/pai-natal-insuflavel-com-1-led\/","title":{"rendered":"Pai natal insufl\u00e1vel com 1 led"},"content":{"rendered":"","protected":false},"excerpt":{"rendered":"<p>Sante insufl\u00e1vel com 1 led e 6 l\u00e2mpadas coloridas. classifica\u00e7\u00e3o ip44. corda 1 m\u00b2 (inclu\u00edda). tamanho inflado 120 x 70 x 190 cm<\/p>\n","protected":false},"featured_media":126730,"comment_status":"open","ping_status":"closed","template":"","meta":[],"product_brand":[],"product_cat":[17786,18006],"product_tag":[],"class_list":{"0":"post-126731","1":"product","2":"type-product","3":"status-publish","4":"has-post-thumbnail","6":"product_cat-complementos-e-decoracao-de-natal-diversos-sazonais","7":"product_cat-diversos-sazonais","9":"first","10":"instock","11":"taxable","12":"shipping-taxable","13":"purchasable","14":"product-type-simple"},"_links":{"self":[{"href":"https:\/\/casafreitas.pt\/loja\/wp-json\/wp\/v2\/product\/126731","targetHints":{"allow":["GET"]}}],"collection":[{"href":"https:\/\/casafreitas.pt\/loja\/wp-json\/wp\/v2\/product"}],"about":[{"href":"https:\/\/casafreitas.pt\/loja\/wp-json\/wp\/v2\/types\/product"}],"replies":[{"embeddable":true,"href":"https:\/\/casafreitas.pt\/loja\/wp-json\/wp\/v2\/comments?post=126731"}],"version-history":[{"count":1,"href":"https:\/\/casafreitas.pt\/loja\/wp-json\/wp\/v2\/product\/126731\/revisions"}],"predecessor-version":[{"id":126732,"href":"https:\/\/casafreitas.pt\/loja\/wp-json\/wp\/v2\/product\/126731\/revisions\/126732"}],"wp:featuredmedia":[{"embeddable":true,"href":"https:\/\/casafreitas.pt\/loja\/wp-json\/wp\/v2\/media\/126730"}],"wp:attachment":[{"href":"https:\/\/casafreitas.pt\/loja\/wp-json\/wp\/v2\/media?parent=126731"}],"wp:term":[{"taxonomy":"product_brand","embeddable":true,"href":"https:\/\/casafreitas.pt\/loja\/wp-json\/wp\/v2\/product_brand?post=126731"},{"taxonomy":"product_cat","embeddable":true,"href":"https:\/\/casafreitas.pt\/loja\/wp-json\/wp\/v2\/product_cat?post=126731"},{"taxonomy":"product_tag","embeddable":true,"href":"https:\/\/casafreitas.pt\/loja\/wp-json\/wp\/v2\/product_tag?post=126731"}],"curies":[{"name":"wp","href":"https:\/\/api.w.org\/{rel}","templated":true}]}}