{"id":126704,"date":"2025-10-07T22:59:29","date_gmt":"2025-10-07T22:59:29","guid":{"rendered":"https:\/\/casafreitas.pt\/loja\/produto\/arvore-natal-com-41-leds-rgb-48-x-60-cm\/"},"modified":"2025-10-24T07:19:37","modified_gmt":"2025-10-24T07:19:37","slug":"arvore-natal-com-41-leds-rgb-48-x-60-cm","status":"publish","type":"product","link":"https:\/\/casafreitas.pt\/loja\/produto\/arvore-natal-com-41-leds-rgb-48-x-60-cm\/","title":{"rendered":"\u00c1rvore de natal com 41 leds rgb 48 x 60 cm"},"content":{"rendered":"","protected":false},"excerpt":{"rendered":"<p>\u00c1rvore de natal com 41 leds rgb, conector usb com comando. material de polipropileno. cabo 10 m. dimens\u00f5es 48 x 60 cm<\/p>\n","protected":false},"featured_media":126703,"comment_status":"open","ping_status":"closed","template":"","meta":[],"product_brand":[],"product_cat":[17798,18006],"product_tag":[],"class_list":{"0":"post-126704","1":"product","2":"type-product","3":"status-publish","4":"has-post-thumbnail","6":"product_cat-figuras-de-neon-rgb-diversos-sazonais","7":"product_cat-diversos-sazonais","9":"first","10":"instock","11":"taxable","12":"shipping-taxable","13":"purchasable","14":"product-type-simple"},"_links":{"self":[{"href":"https:\/\/casafreitas.pt\/loja\/wp-json\/wp\/v2\/product\/126704","targetHints":{"allow":["GET"]}}],"collection":[{"href":"https:\/\/casafreitas.pt\/loja\/wp-json\/wp\/v2\/product"}],"about":[{"href":"https:\/\/casafreitas.pt\/loja\/wp-json\/wp\/v2\/types\/product"}],"replies":[{"embeddable":true,"href":"https:\/\/casafreitas.pt\/loja\/wp-json\/wp\/v2\/comments?post=126704"}],"version-history":[{"count":1,"href":"https:\/\/casafreitas.pt\/loja\/wp-json\/wp\/v2\/product\/126704\/revisions"}],"predecessor-version":[{"id":126705,"href":"https:\/\/casafreitas.pt\/loja\/wp-json\/wp\/v2\/product\/126704\/revisions\/126705"}],"wp:featuredmedia":[{"embeddable":true,"href":"https:\/\/casafreitas.pt\/loja\/wp-json\/wp\/v2\/media\/126703"}],"wp:attachment":[{"href":"https:\/\/casafreitas.pt\/loja\/wp-json\/wp\/v2\/media?parent=126704"}],"wp:term":[{"taxonomy":"product_brand","embeddable":true,"href":"https:\/\/casafreitas.pt\/loja\/wp-json\/wp\/v2\/product_brand?post=126704"},{"taxonomy":"product_cat","embeddable":true,"href":"https:\/\/casafreitas.pt\/loja\/wp-json\/wp\/v2\/product_cat?post=126704"},{"taxonomy":"product_tag","embeddable":true,"href":"https:\/\/casafreitas.pt\/loja\/wp-json\/wp\/v2\/product_tag?post=126704"}],"curies":[{"name":"wp","href":"https:\/\/api.w.org\/{rel}","templated":true}]}}