{"id":126698,"date":"2025-10-07T22:58:33","date_gmt":"2025-10-07T22:58:33","guid":{"rendered":"https:\/\/casafreitas.pt\/loja\/produto\/arvore-natal-154-leds-rgb-preto-exterior-o50-x-150-cm\/"},"modified":"2025-10-24T07:19:37","modified_gmt":"2025-10-24T07:19:37","slug":"arvore-natal-154-leds-rgb-preto-exterior-o50-x-150-cm","status":"publish","type":"product","link":"https:\/\/casafreitas.pt\/loja\/produto\/arvore-natal-154-leds-rgb-preto-exterior-o50-x-150-cm\/","title":{"rendered":"\u00c1rvore de natal 154 leds rgb preto, exterior, \u00f850 x 150 cm"},"content":{"rendered":"","protected":false},"excerpt":{"rendered":"<p>\u00c1rvore de natal com estrutura de cor preta, 154 leds rgb digitais, estrela com 10 leds, composta por 12 cordas, cada uma com 12 leds, cabo 500 cm, multifun\u00e7\u00f5es, 4 pinos para ancorar ao solo, para exterior ip44, comando (inclu\u00eddo), dimens\u00f5es da base \u00f850 cm, altura total 1,5 m, 220-240 v~50\/60 hz<\/p>\n","protected":false},"featured_media":126697,"comment_status":"open","ping_status":"closed","template":"","meta":[],"product_brand":[],"product_cat":[17798,18006],"product_tag":[],"class_list":{"0":"post-126698","1":"product","2":"type-product","3":"status-publish","4":"has-post-thumbnail","6":"product_cat-figuras-de-neon-rgb-diversos-sazonais","7":"product_cat-diversos-sazonais","9":"first","10":"instock","11":"taxable","12":"shipping-taxable","13":"purchasable","14":"product-type-simple"},"_links":{"self":[{"href":"https:\/\/casafreitas.pt\/loja\/wp-json\/wp\/v2\/product\/126698","targetHints":{"allow":["GET"]}}],"collection":[{"href":"https:\/\/casafreitas.pt\/loja\/wp-json\/wp\/v2\/product"}],"about":[{"href":"https:\/\/casafreitas.pt\/loja\/wp-json\/wp\/v2\/types\/product"}],"replies":[{"embeddable":true,"href":"https:\/\/casafreitas.pt\/loja\/wp-json\/wp\/v2\/comments?post=126698"}],"version-history":[{"count":1,"href":"https:\/\/casafreitas.pt\/loja\/wp-json\/wp\/v2\/product\/126698\/revisions"}],"predecessor-version":[{"id":126699,"href":"https:\/\/casafreitas.pt\/loja\/wp-json\/wp\/v2\/product\/126698\/revisions\/126699"}],"wp:featuredmedia":[{"embeddable":true,"href":"https:\/\/casafreitas.pt\/loja\/wp-json\/wp\/v2\/media\/126697"}],"wp:attachment":[{"href":"https:\/\/casafreitas.pt\/loja\/wp-json\/wp\/v2\/media?parent=126698"}],"wp:term":[{"taxonomy":"product_brand","embeddable":true,"href":"https:\/\/casafreitas.pt\/loja\/wp-json\/wp\/v2\/product_brand?post=126698"},{"taxonomy":"product_cat","embeddable":true,"href":"https:\/\/casafreitas.pt\/loja\/wp-json\/wp\/v2\/product_cat?post=126698"},{"taxonomy":"product_tag","embeddable":true,"href":"https:\/\/casafreitas.pt\/loja\/wp-json\/wp\/v2\/product_tag?post=126698"}],"curies":[{"name":"wp","href":"https:\/\/api.w.org\/{rel}","templated":true}]}}